{"id":2651,"date":"2024-02-26T08:13:52","date_gmt":"2024-02-26T08:13:52","guid":{"rendered":"https:\/\/www.hotel-aletsch.ch\/reserver\/"},"modified":"2024-10-29T17:12:00","modified_gmt":"2024-10-29T17:12:00","slug":"reserver","status":"publish","type":"page","link":"https:\/\/www.hotel-aletsch.ch\/fr\/reserver\/","title":{"rendered":"R\u00e9server"},"content":{"rendered":"\t\t<div data-elementor-type=\"wp-page\" data-elementor-id=\"2651\" class=\"elementor elementor-2651 elementor-1409\" data-elementor-post-type=\"page\">\n\t\t\t\t\t\t<section class=\"elementor-section elementor-top-section elementor-element elementor-element-84c4c65 elementor-section-full_width elementor-section-content-middle fullscreenslider elementor-section-height-default elementor-section-height-default\" data-id=\"84c4c65\" data-element_type=\"section\" data-e-type=\"section\">\n\t\t\t\t\t\t<div class=\"elementor-container elementor-column-gap-default\">\n\t\t\t\t\t<div class=\"elementor-column elementor-col-100 elementor-top-column elementor-element elementor-element-5952a08\" data-id=\"5952a08\" data-element_type=\"column\" data-e-type=\"column\">\n\t\t\t<div class=\"elementor-widget-wrap elementor-element-populated\">\n\t\t\t\t\t\t<div class=\"elementor-element elementor-element-71b5815 mainslider elementor--h-position-center elementor--v-position-middle elementor-arrows-position-inside elementor-pagination-position-inside elementor-widget elementor-widget-slides\" data-id=\"71b5815\" data-element_type=\"widget\" data-e-type=\"widget\" data-settings=\"{&quot;navigation&quot;:&quot;both&quot;,&quot;autoplay&quot;:&quot;yes&quot;,&quot;pause_on_hover&quot;:&quot;yes&quot;,&quot;pause_on_interaction&quot;:&quot;yes&quot;,&quot;autoplay_speed&quot;:5000,&quot;infinite&quot;:&quot;yes&quot;,&quot;transition&quot;:&quot;slide&quot;,&quot;transition_speed&quot;:500}\" data-widget_type=\"slides.default\">\n\t\t\t\t<div class=\"elementor-widget-container\">\n\t\t\t\t\t\t\t\t\t<div class=\"elementor-swiper\">\n\t\t\t\t\t<div class=\"elementor-slides-wrapper elementor-main-swiper swiper\" role=\"region\" aria-roledescription=\"carousel\" aria-label=\"Diapositives\" dir=\"ltr\" data-animation=\"fadeInUp\">\n\t\t\t\t<div class=\"swiper-wrapper elementor-slides\">\n\t\t\t\t\t\t\t\t\t\t<div class=\"elementor-repeater-item-166833f swiper-slide\" role=\"group\" aria-roledescription=\"slide\"><div class=\"swiper-slide-bg elementor-ken-burns elementor-ken-burns--in\" role=\"img\" aria-label=\"Hotel-Aletsch-Bettmeralp-Lage-und-Anreise\"><\/div><div class=\"swiper-slide-inner\" ><div class=\"swiper-slide-contents\"><\/div><\/div><\/div><div class=\"elementor-repeater-item-8062d3f swiper-slide\" role=\"group\" aria-roledescription=\"slide\"><div class=\"swiper-slide-bg elementor-ken-burns elementor-ken-burns--in\" role=\"img\" aria-label=\"Sonnenuntergang im Winter beim Hotel Aletsch\"><\/div><div class=\"swiper-slide-inner\" ><div class=\"swiper-slide-contents\"><\/div><\/div><\/div>\t\t\t\t<\/div>\n\t\t\t\t\t\t\t\t\t\t\t\t\t\t\t<div class=\"elementor-swiper-button elementor-swiper-button-prev\" role=\"button\" tabindex=\"0\" aria-label=\"Diapositive pr\u00e9c\u00e9dente\">\n\t\t\t\t\t\t\t<i aria-hidden=\"true\" class=\"eicon-chevron-left\"><\/i>\t\t\t\t\t\t<\/div>\n\t\t\t\t\t\t<div class=\"elementor-swiper-button elementor-swiper-button-next\" role=\"button\" tabindex=\"0\" aria-label=\"Diapositive suivante\">\n\t\t\t\t\t\t\t<i aria-hidden=\"true\" class=\"eicon-chevron-right\"><\/i>\t\t\t\t\t\t<\/div>\n\t\t\t\t\t\t\t\t\t\t\t\t\t\t\t\t<div class=\"swiper-pagination\"><\/div>\n\t\t\t\t\t\t\t\t\t\t\t\t<\/div>\n\t\t\t\t<\/div>\n\t\t\t\t\t\t\t\t<\/div>\n\t\t\t\t<\/div>\n\t\t\t\t\t<\/div>\n\t\t<\/div>\n\t\t\t\t\t<\/div>\n\t\t<\/section>\n\t\t\t\t<section class=\"elementor-section elementor-top-section elementor-element elementor-element-d7f5cb5 m-space r-section elementor-section-boxed elementor-section-height-default elementor-section-height-default\" data-id=\"d7f5cb5\" data-element_type=\"section\" data-e-type=\"section\">\n\t\t\t\t\t\t<div class=\"elementor-container elementor-column-gap-default\">\n\t\t\t\t\t<div class=\"elementor-column elementor-col-100 elementor-top-column elementor-element elementor-element-cdd1092\" data-id=\"cdd1092\" data-element_type=\"column\" data-e-type=\"column\">\n\t\t\t<div class=\"elementor-widget-wrap elementor-element-populated\">\n\t\t\t\t\t\t<div class=\"elementor-element elementor-element-806d633 elementor-widget elementor-widget-heading\" data-id=\"806d633\" data-element_type=\"widget\" data-e-type=\"widget\" data-widget_type=\"heading.default\">\n\t\t\t\t<div class=\"elementor-widget-container\">\n\t\t\t\t\t<h1 class=\"elementor-heading-title elementor-size-default\">Demander maintenant<\/h1>\t\t\t\t<\/div>\n\t\t\t\t<\/div>\n\t\t\t\t<div class=\"elementor-element elementor-element-9ec6982 elementor-widget elementor-widget-text-editor\" data-id=\"9ec6982\" data-element_type=\"widget\" data-e-type=\"widget\" data-widget_type=\"text-editor.default\">\n\t\t\t\t<div class=\"elementor-widget-container\">\n\t\t\t\t\t\t\t\t\t<p>Planifiez votre prochain s\u00e9jour inoubliable chez nous ! Remplissez simplement le formulaire ci-dessous et nous vous contacterons rapidement pour r\u00e9gler tous les d\u00e9tails. <\/p>\n\t\t\t\t\t\t\t\t<\/div>\n\t\t\t\t<\/div>\n\t\t\t\t\t<\/div>\n\t\t<\/div>\n\t\t\t\t\t<\/div>\n\t\t<\/section>\n\t\t\t\t<section class=\"elementor-section elementor-top-section elementor-element elementor-element-cb431a1 r-section booking-mask elementor-hidden-tablet elementor-hidden-mobile elementor-section-boxed elementor-section-height-default elementor-section-height-default\" data-id=\"cb431a1\" data-element_type=\"section\" data-e-type=\"section\">\n\t\t\t\t\t\t<div class=\"elementor-container elementor-column-gap-default\">\n\t\t\t\t\t<div class=\"elementor-column elementor-col-100 elementor-top-column elementor-element elementor-element-d7e063a\" data-id=\"d7e063a\" data-element_type=\"column\" data-e-type=\"column\">\n\t\t\t<div class=\"elementor-widget-wrap elementor-element-populated\">\n\t\t\t\t\t\t<div class=\"elementor-element elementor-element-3d57e91 elementor-button-align-stretch elementor-widget elementor-widget-form\" data-id=\"3d57e91\" data-element_type=\"widget\" data-e-type=\"widget\" data-settings=\"{&quot;step_next_label&quot;:&quot;Prochain&quot;,&quot;step_previous_label&quot;:&quot;Pr\\u00e9c\\u00e9dent&quot;,&quot;button_width&quot;:&quot;100&quot;,&quot;step_type&quot;:&quot;number_text&quot;,&quot;step_icon_shape&quot;:&quot;circle&quot;}\" data-widget_type=\"form.default\">\n\t\t\t\t<div class=\"elementor-widget-container\">\n\t\t\t\t\t\t\t<form class=\"elementor-form\" method=\"post\" name=\"Nouveau formulaire\" aria-label=\"Nouveau formulaire\">\n\t\t\t<input type=\"hidden\" name=\"post_id\" value=\"2651\"\/>\n\t\t\t<input type=\"hidden\" name=\"form_id\" value=\"3d57e91\"\/>\n\t\t\t<input type=\"hidden\" name=\"referer_title\" value=\"R\u00e9server - Hotel Aletsch Bettmeralp\" \/>\n\n\t\t\t\t\t\t\t<input type=\"hidden\" name=\"queried_id\" value=\"2651\"\/>\n\t\t\t\n\t\t\t<div class=\"elementor-form-fields-wrapper elementor-labels-above\">\n\t\t\t\t\t\t\t\t<div class=\"elementor-field-type-text elementor-field-group elementor-column elementor-field-group-name elementor-col-50 elementor-field-required\">\n\t\t\t\t\t\t\t\t\t\t\t\t<label for=\"form-field-name\" class=\"elementor-field-label\">\n\t\t\t\t\t\t\t\tPr\u00e9nom\t\t\t\t\t\t\t<\/label>\n\t\t\t\t\t\t\t\t\t\t\t\t\t\t<input size=\"1\" type=\"text\" name=\"form_fields[name]\" id=\"form-field-name\" class=\"elementor-field elementor-size-sm  elementor-field-textual\" placeholder=\"Pr\u00e9nom\" required=\"required\">\n\t\t\t\t\t\t\t\t\t\t\t<\/div>\n\t\t\t\t\t\t\t\t<div class=\"elementor-field-type-text elementor-field-group elementor-column elementor-field-group-field_62b56a1 elementor-col-50 elementor-field-required\">\n\t\t\t\t\t\t\t\t\t\t\t\t<label for=\"form-field-field_62b56a1\" class=\"elementor-field-label\">\n\t\t\t\t\t\t\t\tNom de famille\t\t\t\t\t\t\t<\/label>\n\t\t\t\t\t\t\t\t\t\t\t\t\t\t<input size=\"1\" type=\"text\" name=\"form_fields[field_62b56a1]\" id=\"form-field-field_62b56a1\" class=\"elementor-field elementor-size-sm  elementor-field-textual\" placeholder=\"Nom de famille\" required=\"required\">\n\t\t\t\t\t\t\t\t\t\t\t<\/div>\n\t\t\t\t\t\t\t\t<div class=\"elementor-field-type-email elementor-field-group elementor-column elementor-field-group-email elementor-col-100 elementor-field-required\">\n\t\t\t\t\t\t\t\t\t\t\t\t<label for=\"form-field-email\" class=\"elementor-field-label\">\n\t\t\t\t\t\t\t\tE-Mail\t\t\t\t\t\t\t<\/label>\n\t\t\t\t\t\t\t\t\t\t\t\t\t\t<input size=\"1\" type=\"email\" name=\"form_fields[email]\" id=\"form-field-email\" class=\"elementor-field elementor-size-sm  elementor-field-textual\" placeholder=\"E-Mail\" required=\"required\">\n\t\t\t\t\t\t\t\t\t\t\t<\/div>\n\t\t\t\t\t\t\t\t<div class=\"elementor-field-type-date elementor-field-group elementor-column elementor-field-group-field_1d8c5ec elementor-col-50 elementor-field-required\">\n\t\t\t\t\t\t\t\t\t\t\t\t<label for=\"form-field-field_1d8c5ec\" class=\"elementor-field-label\">\n\t\t\t\t\t\t\t\tArriv\u00e9e souhait\u00e9e\t\t\t\t\t\t\t<\/label>\n\t\t\t\t\t\t\n\t\t<input type=\"date\" name=\"form_fields[field_1d8c5ec]\" id=\"form-field-field_1d8c5ec\" class=\"elementor-field elementor-size-sm  elementor-field-textual elementor-date-field\" required=\"required\" pattern=\"[0-9]{4}-[0-9]{2}-[0-9]{2}\">\n\t\t\t\t\t\t<\/div>\n\t\t\t\t\t\t\t\t<div class=\"elementor-field-type-date elementor-field-group elementor-column elementor-field-group-field_5030158 elementor-col-50 elementor-field-required\">\n\t\t\t\t\t\t\t\t\t\t\t\t<label for=\"form-field-field_5030158\" class=\"elementor-field-label\">\n\t\t\t\t\t\t\t\tD\u00e9part souhait\u00e9\t\t\t\t\t\t\t<\/label>\n\t\t\t\t\t\t\n\t\t<input type=\"date\" name=\"form_fields[field_5030158]\" id=\"form-field-field_5030158\" class=\"elementor-field elementor-size-sm  elementor-field-textual elementor-date-field\" required=\"required\" pattern=\"[0-9]{4}-[0-9]{2}-[0-9]{2}\">\n\t\t\t\t\t\t<\/div>\n\t\t\t\t\t\t\t\t<div class=\"elementor-field-type-number elementor-field-group elementor-column elementor-field-group-field_f5bf49a elementor-col-50 elementor-field-required\">\n\t\t\t\t\t\t\t\t\t\t\t\t<label for=\"form-field-field_f5bf49a\" class=\"elementor-field-label\">\n\t\t\t\t\t\t\t\tNombre d'adultes\t\t\t\t\t\t\t<\/label>\n\t\t\t\t\t\t\t\t\t<input type=\"number\" name=\"form_fields[field_f5bf49a]\" id=\"form-field-field_f5bf49a\" class=\"elementor-field elementor-size-sm  elementor-field-textual\" required=\"required\" min=\"1\" max=\"\" >\n\t\t\t\t\t\t<\/div>\n\t\t\t\t\t\t\t\t<div class=\"elementor-field-type-number elementor-field-group elementor-column elementor-field-group-field_8a0b63a elementor-col-50 elementor-field-required\">\n\t\t\t\t\t\t\t\t\t\t\t\t<label for=\"form-field-field_8a0b63a\" class=\"elementor-field-label\">\n\t\t\t\t\t\t\t\tNombre d'enfants\t\t\t\t\t\t\t<\/label>\n\t\t\t\t\t\t\t\t\t<input type=\"number\" name=\"form_fields[field_8a0b63a]\" id=\"form-field-field_8a0b63a\" class=\"elementor-field elementor-size-sm  elementor-field-textual\" required=\"required\" min=\"0\" max=\"\" >\n\t\t\t\t\t\t<\/div>\n\t\t\t\t\t\t\t\t<div class=\"elementor-field-type-textarea elementor-field-group elementor-column elementor-field-group-message elementor-col-100\">\n\t\t\t\t\t\t\t\t\t\t\t\t<label for=\"form-field-message\" class=\"elementor-field-label\">\n\t\t\t\t\t\t\t\tMessage\t\t\t\t\t\t\t<\/label>\n\t\t\t\t\t\t<textarea class=\"elementor-field-textual elementor-field  elementor-size-sm\" name=\"form_fields[message]\" id=\"form-field-message\" rows=\"4\" placeholder=\"Message\"><\/textarea>\t\t\t\t<\/div>\n\t\t\t\t\t\t\t\t<div class=\"elementor-field-group elementor-column elementor-field-type-submit elementor-col-100 e-form__buttons\">\n\t\t\t\t\t<button class=\"elementor-button elementor-size-md\" type=\"submit\">\n\t\t\t\t\t\t<span class=\"elementor-button-content-wrapper\">\n\t\t\t\t\t\t\t\t\t\t\t\t\t\t\t\t\t\t\t\t\t\t<span class=\"elementor-button-text\">Envoyer une demande<\/span>\n\t\t\t\t\t\t\t\t\t\t\t\t\t<\/span>\n\t\t\t\t\t<\/button>\n\t\t\t\t<\/div>\n\t\t\t<\/div>\n\t\t<\/form>\n\t\t\t\t\t\t<\/div>\n\t\t\t\t<\/div>\n\t\t\t\t\t<\/div>\n\t\t<\/div>\n\t\t\t\t\t<\/div>\n\t\t<\/section>\n\t\t\t\t<section class=\"elementor-section elementor-top-section elementor-element elementor-element-0acb84b r-section booking-mask elementor-hidden-desktop elementor-hidden-tablet elementor-hidden-mobile elementor-section-boxed elementor-section-height-default elementor-section-height-default\" data-id=\"0acb84b\" data-element_type=\"section\" data-e-type=\"section\">\n\t\t\t\t\t\t<div class=\"elementor-container elementor-column-gap-default\">\n\t\t\t\t\t<div class=\"elementor-column elementor-col-100 elementor-top-column elementor-element elementor-element-07fcc15\" data-id=\"07fcc15\" data-element_type=\"column\" data-e-type=\"column\">\n\t\t\t<div class=\"elementor-widget-wrap elementor-element-populated\">\n\t\t\t\t\t\t<div class=\"elementor-element elementor-element-53adb0b elementor-widget elementor-widget-html\" data-id=\"53adb0b\" data-element_type=\"widget\" data-e-type=\"widget\" data-widget_type=\"html.default\">\n\t\t\t\t<div class=\"elementor-widget-container\">\n\t\t\t\t\t<fo-booking-engine dbname=\"AletschBettmeralp\" promobutton=\"true\" request=\"false\" autooffer=\"true\" azure=\"true\"><\/fo-booking-engine>\n<script src=\"https:\/\/fo.sitec.com\/be\/fo-booking-engine-es2015.js\" type=\"module\"><\/script>\n<script src=\"https:\/\/fo.sitec.com\/be\/fo-booking-engine-es5.js\" nomodule=\"\" defer><\/script>\t\t\t\t<\/div>\n\t\t\t\t<\/div>\n\t\t\t\t\t<\/div>\n\t\t<\/div>\n\t\t\t\t\t<\/div>\n\t\t<\/section>\n\t\t\t\t<\/div>\n\t\t","protected":false},"excerpt":{"rendered":"<p>Previous slide Next slide Demander maintenant Planifiez votre prochain s\u00e9jour inoubliable chez nous ! Remplissez simplement le formulaire ci-dessous et nous vous contacterons rapidement pour r\u00e9gler tous les d\u00e9tails.<\/p>\n","protected":false},"author":1,"featured_media":0,"parent":0,"menu_order":0,"comment_status":"closed","ping_status":"closed","template":"","meta":{"_acf_changed":false,"footnotes":""},"class_list":["post-2651","page","type-page","status-publish","hentry"],"acf":[],"yoast_head":"<!-- This site is optimized with the Yoast SEO plugin v27.3 - https:\/\/yoast.com\/product\/yoast-seo-wordpress\/ -->\n<title>R\u00e9server - Hotel Aletsch Bettmeralp<\/title>\n<meta name=\"description\" content=\"Situation et acc\u00e8s - Notre h\u00f4tel Aletsch est nich\u00e9 dans un paysage de montagne \u00e0 couper le souffle, sur la Bettmeralp. Nous nous r\u00e9jouissons de vous accueillir chez nous.\" \/>\n<meta name=\"robots\" content=\"index, follow, max-snippet:-1, max-image-preview:large, max-video-preview:-1\" \/>\n<link rel=\"canonical\" href=\"https:\/\/www.hotel-aletsch.ch\/fr\/reserver\/\" \/>\n<meta property=\"og:locale\" content=\"fr_FR\" \/>\n<meta property=\"og:type\" content=\"article\" \/>\n<meta property=\"og:title\" content=\"R\u00e9server - Hotel Aletsch Bettmeralp\" \/>\n<meta property=\"og:description\" content=\"Situation et acc\u00e8s - Notre h\u00f4tel Aletsch est nich\u00e9 dans un paysage de montagne \u00e0 couper le souffle, sur la Bettmeralp. Nous nous r\u00e9jouissons de vous accueillir chez nous.\" \/>\n<meta property=\"og:url\" content=\"https:\/\/www.hotel-aletsch.ch\/fr\/reserver\/\" \/>\n<meta property=\"og:site_name\" content=\"Hotel Aletsch Bettmeralp\" \/>\n<meta property=\"article:modified_time\" content=\"2024-10-29T17:12:00+00:00\" \/>\n<meta name=\"twitter:card\" content=\"summary_large_image\" \/>\n<script type=\"application\/ld+json\" class=\"yoast-schema-graph\">{\"@context\":\"https:\\\/\\\/schema.org\",\"@graph\":[{\"@type\":\"WebPage\",\"@id\":\"https:\\\/\\\/www.hotel-aletsch.ch\\\/fr\\\/reserver\\\/\",\"url\":\"https:\\\/\\\/www.hotel-aletsch.ch\\\/fr\\\/reserver\\\/\",\"name\":\"R\u00e9server - Hotel Aletsch Bettmeralp\",\"isPartOf\":{\"@id\":\"https:\\\/\\\/www.hotel-aletsch.ch\\\/#website\"},\"datePublished\":\"2024-02-26T08:13:52+00:00\",\"dateModified\":\"2024-10-29T17:12:00+00:00\",\"description\":\"Situation et acc\u00e8s - Notre h\u00f4tel Aletsch est nich\u00e9 dans un paysage de montagne \u00e0 couper le souffle, sur la Bettmeralp. Nous nous r\u00e9jouissons de vous accueillir chez nous.\",\"breadcrumb\":{\"@id\":\"https:\\\/\\\/www.hotel-aletsch.ch\\\/fr\\\/reserver\\\/#breadcrumb\"},\"inLanguage\":\"fr-FR\",\"potentialAction\":[{\"@type\":\"ReadAction\",\"target\":[\"https:\\\/\\\/www.hotel-aletsch.ch\\\/fr\\\/reserver\\\/\"]}]},{\"@type\":\"BreadcrumbList\",\"@id\":\"https:\\\/\\\/www.hotel-aletsch.ch\\\/fr\\\/reserver\\\/#breadcrumb\",\"itemListElement\":[{\"@type\":\"ListItem\",\"position\":1,\"name\":\"Startseite\",\"item\":\"https:\\\/\\\/www.hotel-aletsch.ch\\\/fr\\\/home\\\/\"},{\"@type\":\"ListItem\",\"position\":2,\"name\":\"R\u00e9server\"}]},{\"@type\":\"WebSite\",\"@id\":\"https:\\\/\\\/www.hotel-aletsch.ch\\\/#website\",\"url\":\"https:\\\/\\\/www.hotel-aletsch.ch\\\/\",\"name\":\"Hotel Aletsch Bettmeralp\",\"description\":\"\",\"publisher\":{\"@id\":\"https:\\\/\\\/www.hotel-aletsch.ch\\\/#organization\"},\"potentialAction\":[{\"@type\":\"SearchAction\",\"target\":{\"@type\":\"EntryPoint\",\"urlTemplate\":\"https:\\\/\\\/www.hotel-aletsch.ch\\\/?s={search_term_string}\"},\"query-input\":{\"@type\":\"PropertyValueSpecification\",\"valueRequired\":true,\"valueName\":\"search_term_string\"}}],\"inLanguage\":\"fr-FR\"},{\"@type\":\"Organization\",\"@id\":\"https:\\\/\\\/www.hotel-aletsch.ch\\\/#organization\",\"name\":\"Hotel Aletsch Bettmeralp\",\"url\":\"https:\\\/\\\/www.hotel-aletsch.ch\\\/\",\"logo\":{\"@type\":\"ImageObject\",\"inLanguage\":\"fr-FR\",\"@id\":\"https:\\\/\\\/www.hotel-aletsch.ch\\\/#\\\/schema\\\/logo\\\/image\\\/\",\"url\":\"https:\\\/\\\/www.hotel-aletsch.ch\\\/wp-content\\\/uploads\\\/2024\\\/06\\\/Logo-Hotel-Restaurant-Aletsch-negative.svg\",\"contentUrl\":\"https:\\\/\\\/www.hotel-aletsch.ch\\\/wp-content\\\/uploads\\\/2024\\\/06\\\/Logo-Hotel-Restaurant-Aletsch-negative.svg\",\"width\":1701,\"height\":631,\"caption\":\"Hotel Aletsch Bettmeralp\"},\"image\":{\"@id\":\"https:\\\/\\\/www.hotel-aletsch.ch\\\/#\\\/schema\\\/logo\\\/image\\\/\"}}]}<\/script>\n<!-- \/ Yoast SEO plugin. -->","yoast_head_json":{"title":"R\u00e9server - Hotel Aletsch Bettmeralp","description":"Situation et acc\u00e8s - Notre h\u00f4tel Aletsch est nich\u00e9 dans un paysage de montagne \u00e0 couper le souffle, sur la Bettmeralp. Nous nous r\u00e9jouissons de vous accueillir chez nous.","robots":{"index":"index","follow":"follow","max-snippet":"max-snippet:-1","max-image-preview":"max-image-preview:large","max-video-preview":"max-video-preview:-1"},"canonical":"https:\/\/www.hotel-aletsch.ch\/fr\/reserver\/","og_locale":"fr_FR","og_type":"article","og_title":"R\u00e9server - Hotel Aletsch Bettmeralp","og_description":"Situation et acc\u00e8s - Notre h\u00f4tel Aletsch est nich\u00e9 dans un paysage de montagne \u00e0 couper le souffle, sur la Bettmeralp. Nous nous r\u00e9jouissons de vous accueillir chez nous.","og_url":"https:\/\/www.hotel-aletsch.ch\/fr\/reserver\/","og_site_name":"Hotel Aletsch Bettmeralp","article_modified_time":"2024-10-29T17:12:00+00:00","twitter_card":"summary_large_image","schema":{"@context":"https:\/\/schema.org","@graph":[{"@type":"WebPage","@id":"https:\/\/www.hotel-aletsch.ch\/fr\/reserver\/","url":"https:\/\/www.hotel-aletsch.ch\/fr\/reserver\/","name":"R\u00e9server - Hotel Aletsch Bettmeralp","isPartOf":{"@id":"https:\/\/www.hotel-aletsch.ch\/#website"},"datePublished":"2024-02-26T08:13:52+00:00","dateModified":"2024-10-29T17:12:00+00:00","description":"Situation et acc\u00e8s - Notre h\u00f4tel Aletsch est nich\u00e9 dans un paysage de montagne \u00e0 couper le souffle, sur la Bettmeralp. Nous nous r\u00e9jouissons de vous accueillir chez nous.","breadcrumb":{"@id":"https:\/\/www.hotel-aletsch.ch\/fr\/reserver\/#breadcrumb"},"inLanguage":"fr-FR","potentialAction":[{"@type":"ReadAction","target":["https:\/\/www.hotel-aletsch.ch\/fr\/reserver\/"]}]},{"@type":"BreadcrumbList","@id":"https:\/\/www.hotel-aletsch.ch\/fr\/reserver\/#breadcrumb","itemListElement":[{"@type":"ListItem","position":1,"name":"Startseite","item":"https:\/\/www.hotel-aletsch.ch\/fr\/home\/"},{"@type":"ListItem","position":2,"name":"R\u00e9server"}]},{"@type":"WebSite","@id":"https:\/\/www.hotel-aletsch.ch\/#website","url":"https:\/\/www.hotel-aletsch.ch\/","name":"Hotel Aletsch Bettmeralp","description":"","publisher":{"@id":"https:\/\/www.hotel-aletsch.ch\/#organization"},"potentialAction":[{"@type":"SearchAction","target":{"@type":"EntryPoint","urlTemplate":"https:\/\/www.hotel-aletsch.ch\/?s={search_term_string}"},"query-input":{"@type":"PropertyValueSpecification","valueRequired":true,"valueName":"search_term_string"}}],"inLanguage":"fr-FR"},{"@type":"Organization","@id":"https:\/\/www.hotel-aletsch.ch\/#organization","name":"Hotel Aletsch Bettmeralp","url":"https:\/\/www.hotel-aletsch.ch\/","logo":{"@type":"ImageObject","inLanguage":"fr-FR","@id":"https:\/\/www.hotel-aletsch.ch\/#\/schema\/logo\/image\/","url":"https:\/\/www.hotel-aletsch.ch\/wp-content\/uploads\/2024\/06\/Logo-Hotel-Restaurant-Aletsch-negative.svg","contentUrl":"https:\/\/www.hotel-aletsch.ch\/wp-content\/uploads\/2024\/06\/Logo-Hotel-Restaurant-Aletsch-negative.svg","width":1701,"height":631,"caption":"Hotel Aletsch Bettmeralp"},"image":{"@id":"https:\/\/www.hotel-aletsch.ch\/#\/schema\/logo\/image\/"}}]}},"_links":{"self":[{"href":"https:\/\/www.hotel-aletsch.ch\/fr\/wp-json\/wp\/v2\/pages\/2651","targetHints":{"allow":["GET"]}}],"collection":[{"href":"https:\/\/www.hotel-aletsch.ch\/fr\/wp-json\/wp\/v2\/pages"}],"about":[{"href":"https:\/\/www.hotel-aletsch.ch\/fr\/wp-json\/wp\/v2\/types\/page"}],"author":[{"embeddable":true,"href":"https:\/\/www.hotel-aletsch.ch\/fr\/wp-json\/wp\/v2\/users\/1"}],"replies":[{"embeddable":true,"href":"https:\/\/www.hotel-aletsch.ch\/fr\/wp-json\/wp\/v2\/comments?post=2651"}],"version-history":[{"count":1,"href":"https:\/\/www.hotel-aletsch.ch\/fr\/wp-json\/wp\/v2\/pages\/2651\/revisions"}],"predecessor-version":[{"id":2652,"href":"https:\/\/www.hotel-aletsch.ch\/fr\/wp-json\/wp\/v2\/pages\/2651\/revisions\/2652"}],"wp:attachment":[{"href":"https:\/\/www.hotel-aletsch.ch\/fr\/wp-json\/wp\/v2\/media?parent=2651"}],"curies":[{"name":"wp","href":"https:\/\/api.w.org\/{rel}","templated":true}]}}