{"id":2657,"date":"2022-12-16T15:33:06","date_gmt":"2022-12-16T15:33:06","guid":{"rendered":"https:\/\/www.hotel-aletsch.ch\/eringerstuebli\/"},"modified":"2024-10-29T17:18:30","modified_gmt":"2024-10-29T17:18:30","slug":"eringerstuebli","status":"publish","type":"page","link":"https:\/\/www.hotel-aletsch.ch\/fr\/eringerstuebli\/","title":{"rendered":"Eringerst\u00fcbli"},"content":{"rendered":"\t\t<div data-elementor-type=\"wp-page\" data-elementor-id=\"2657\" class=\"elementor elementor-2657 elementor-692\" data-elementor-post-type=\"page\">\n\t\t\t\t\t\t<section class=\"elementor-section elementor-top-section elementor-element elementor-element-1fbf28f elementor-section-full_width elementor-section-content-middle fullscreenslider elementor-section-height-default elementor-section-height-default\" data-id=\"1fbf28f\" data-element_type=\"section\" data-e-type=\"section\">\n\t\t\t\t\t\t<div class=\"elementor-container elementor-column-gap-default\">\n\t\t\t\t\t<div class=\"elementor-column elementor-col-100 elementor-top-column elementor-element elementor-element-4508cf1\" data-id=\"4508cf1\" data-element_type=\"column\" data-e-type=\"column\">\n\t\t\t<div class=\"elementor-widget-wrap elementor-element-populated\">\n\t\t\t\t\t\t<div class=\"elementor-element elementor-element-823e07b mainslider elementor--h-position-center elementor--v-position-middle elementor-arrows-position-inside elementor-pagination-position-inside elementor-widget elementor-widget-slides\" data-id=\"823e07b\" data-element_type=\"widget\" data-e-type=\"widget\" data-settings=\"{&quot;navigation&quot;:&quot;both&quot;,&quot;autoplay&quot;:&quot;yes&quot;,&quot;pause_on_hover&quot;:&quot;yes&quot;,&quot;pause_on_interaction&quot;:&quot;yes&quot;,&quot;autoplay_speed&quot;:5000,&quot;infinite&quot;:&quot;yes&quot;,&quot;transition&quot;:&quot;slide&quot;,&quot;transition_speed&quot;:500}\" data-widget_type=\"slides.default\">\n\t\t\t\t<div class=\"elementor-widget-container\">\n\t\t\t\t\t\t\t\t\t<div class=\"elementor-swiper\">\n\t\t\t\t\t<div class=\"elementor-slides-wrapper elementor-main-swiper swiper\" role=\"region\" aria-roledescription=\"carousel\" aria-label=\"Diapositives\" dir=\"ltr\" data-animation=\"fadeInUp\">\n\t\t\t\t<div class=\"swiper-wrapper elementor-slides\">\n\t\t\t\t\t\t\t\t\t\t<div class=\"elementor-repeater-item-166833f swiper-slide\" role=\"group\" aria-roledescription=\"slide\"><div class=\"swiper-slide-bg\" role=\"img\" aria-label=\"Hotel-Aletsch-Bettmeralp-Spezialitaetenrestaurant-2\"><\/div><div class=\"elementor-background-overlay\"><\/div><div class=\"swiper-slide-inner\" ><div class=\"swiper-slide-contents\"><\/div><\/div><\/div><div class=\"elementor-repeater-item-8062d3f swiper-slide\" role=\"group\" aria-roledescription=\"slide\"><div class=\"swiper-slide-bg elementor-ken-burns elementor-ken-burns--in\" role=\"img\" aria-label=\"Hotel-Aletsch-Eringerst\u00fcbli-24-7-14 (1)\"><\/div><div class=\"elementor-background-overlay\"><\/div><div class=\"swiper-slide-inner\" ><div class=\"swiper-slide-contents\"><\/div><\/div><\/div><div class=\"elementor-repeater-item-3f013af swiper-slide\" role=\"group\" aria-roledescription=\"slide\"><div class=\"swiper-slide-bg elementor-ken-burns elementor-ken-burns--in\" role=\"img\" aria-label=\"Hotel-Aletsch-Eringerst\u00fcbli-24-7-14 (6)\"><\/div><div class=\"elementor-background-overlay\"><\/div><div class=\"swiper-slide-inner\" ><div class=\"swiper-slide-contents\"><\/div><\/div><\/div>\t\t\t\t<\/div>\n\t\t\t\t\t\t\t\t\t\t\t\t\t\t\t<div class=\"elementor-swiper-button elementor-swiper-button-prev\" role=\"button\" tabindex=\"0\" aria-label=\"Diapositive pr\u00e9c\u00e9dente\">\n\t\t\t\t\t\t\t<i aria-hidden=\"true\" class=\"eicon-chevron-left\"><\/i>\t\t\t\t\t\t<\/div>\n\t\t\t\t\t\t<div class=\"elementor-swiper-button elementor-swiper-button-next\" role=\"button\" tabindex=\"0\" aria-label=\"Diapositive suivante\">\n\t\t\t\t\t\t\t<i aria-hidden=\"true\" class=\"eicon-chevron-right\"><\/i>\t\t\t\t\t\t<\/div>\n\t\t\t\t\t\t\t\t\t\t\t\t\t\t\t\t<div class=\"swiper-pagination\"><\/div>\n\t\t\t\t\t\t\t\t\t\t\t\t<\/div>\n\t\t\t\t<\/div>\n\t\t\t\t\t\t\t\t<\/div>\n\t\t\t\t<\/div>\n\t\t\t\t\t<\/div>\n\t\t<\/div>\n\t\t\t\t\t<\/div>\n\t\t<\/section>\n\t\t\t\t<section class=\"elementor-section elementor-top-section elementor-element elementor-element-1f98ea76 m-space r-section elementor-section-boxed elementor-section-height-default elementor-section-height-default\" data-id=\"1f98ea76\" data-element_type=\"section\" data-e-type=\"section\">\n\t\t\t\t\t\t<div class=\"elementor-container elementor-column-gap-default\">\n\t\t\t\t\t<div class=\"elementor-column elementor-col-100 elementor-top-column elementor-element elementor-element-707a55b\" data-id=\"707a55b\" data-element_type=\"column\" data-e-type=\"column\">\n\t\t\t<div class=\"elementor-widget-wrap elementor-element-populated\">\n\t\t\t\t\t\t<div class=\"elementor-element elementor-element-5766dc3b elementor-widget elementor-widget-heading\" data-id=\"5766dc3b\" data-element_type=\"widget\" data-e-type=\"widget\" data-widget_type=\"heading.default\">\n\t\t\t\t<div class=\"elementor-widget-container\">\n\t\t\t\t\t<h1 class=\"elementor-heading-title elementor-size-default\">Eringerst\u00fcbli<\/h1>\t\t\t\t<\/div>\n\t\t\t\t<\/div>\n\t\t\t\t<div class=\"elementor-element elementor-element-5da77123 elementor-widget elementor-widget-text-editor\" data-id=\"5da77123\" data-element_type=\"widget\" data-e-type=\"widget\" data-widget_type=\"text-editor.default\">\n\t\t\t\t<div class=\"elementor-widget-container\">\n\t\t\t\t\t\t\t\t\t<h4>Appr\u00e9cier avec tous les sens<\/h4>\n<p>Savoure nos plats au milieu d&rsquo;une ambiance authentique. Savais-tu que la famille Eyholzer \u00e9l\u00e8ve des vaches de la race d&rsquo;H\u00e9rens depuis deux g\u00e9n\u00e9rations ? D\u00e9couvre les traces et les histoires de l&rsquo;\u00e9levage de la race d&rsquo;H\u00e9rens.  <\/p>\n<p>Profitez des d\u00e9lices culinaires pr\u00e9par\u00e9s avec soin et d&rsquo;une soir\u00e9e r\u00e9ussie et pleine d&rsquo;ambiance.<\/p>\n\t\t\t\t\t\t\t\t<\/div>\n\t\t\t\t<\/div>\n\t\t\t\t\t<\/div>\n\t\t<\/div>\n\t\t\t\t\t<\/div>\n\t\t<\/section>\n\t\t\t\t<section class=\"elementor-section elementor-top-section elementor-element elementor-element-d926666 elementor-section-boxed elementor-section-height-default elementor-section-height-default\" data-id=\"d926666\" data-element_type=\"section\" data-e-type=\"section\">\n\t\t\t\t\t\t<div class=\"elementor-container elementor-column-gap-default\">\n\t\t\t\t\t<div class=\"elementor-column elementor-col-100 elementor-top-column elementor-element elementor-element-b8a367e\" data-id=\"b8a367e\" data-element_type=\"column\" data-e-type=\"column\">\n\t\t\t<div class=\"elementor-widget-wrap elementor-element-populated\">\n\t\t\t\t\t\t<div class=\"elementor-element elementor-element-e66ec53 elementor-widget elementor-widget-image\" data-id=\"e66ec53\" data-element_type=\"widget\" data-e-type=\"widget\" data-widget_type=\"image.default\">\n\t\t\t\t<div class=\"elementor-widget-container\">\n\t\t\t\t\t\t\t\t\t\t\t\t\t\t\t<img fetchpriority=\"high\" decoding=\"async\" width=\"800\" height=\"534\" src=\"https:\/\/www.hotel-aletsch.ch\/wp-content\/uploads\/2024\/04\/eringerkuh-stefan-eyholzer-sommer-aletsch-arena-02-1024x683.jpeg\" class=\"attachment-large size-large wp-image-2406\" alt=\"\" srcset=\"https:\/\/www.hotel-aletsch.ch\/wp-content\/uploads\/2024\/04\/eringerkuh-stefan-eyholzer-sommer-aletsch-arena-02-1024x683.jpeg 1024w, https:\/\/www.hotel-aletsch.ch\/wp-content\/uploads\/2024\/04\/eringerkuh-stefan-eyholzer-sommer-aletsch-arena-02-300x200.jpeg 300w, https:\/\/www.hotel-aletsch.ch\/wp-content\/uploads\/2024\/04\/eringerkuh-stefan-eyholzer-sommer-aletsch-arena-02-768x512.jpeg 768w, https:\/\/www.hotel-aletsch.ch\/wp-content\/uploads\/2024\/04\/eringerkuh-stefan-eyholzer-sommer-aletsch-arena-02-1536x1024.jpeg 1536w, https:\/\/www.hotel-aletsch.ch\/wp-content\/uploads\/2024\/04\/eringerkuh-stefan-eyholzer-sommer-aletsch-arena-02-2048x1365.jpeg 2048w\" sizes=\"(max-width: 800px) 100vw, 800px\" \/>\t\t\t\t\t\t\t\t\t\t\t\t\t\t\t<\/div>\n\t\t\t\t<\/div>\n\t\t\t\t\t<\/div>\n\t\t<\/div>\n\t\t\t\t\t<\/div>\n\t\t<\/section>\n\t\t\t\t<section class=\"elementor-section elementor-top-section elementor-element elementor-element-361ce25 elementor-section-boxed elementor-section-height-default elementor-section-height-default\" data-id=\"361ce25\" data-element_type=\"section\" data-e-type=\"section\">\n\t\t\t\t\t\t<div class=\"elementor-container elementor-column-gap-default\">\n\t\t\t\t\t<div class=\"elementor-column elementor-col-100 elementor-top-column elementor-element elementor-element-bc63117\" data-id=\"bc63117\" data-element_type=\"column\" data-e-type=\"column\">\n\t\t\t<div class=\"elementor-widget-wrap\">\n\t\t\t\t\t\t\t<\/div>\n\t\t<\/div>\n\t\t\t\t\t<\/div>\n\t\t<\/section>\n\t\t\t\t<\/div>\n\t\t","protected":false},"excerpt":{"rendered":"<p>Previous slide Next slide Eringerst\u00fcbli Appr\u00e9cier avec tous les sens Savoure nos plats au milieu d&rsquo;une ambiance authentique. Savais-tu que la famille Eyholzer \u00e9l\u00e8ve des vaches de la race d&rsquo;H\u00e9rens depuis deux g\u00e9n\u00e9rations ? D\u00e9couvre les traces et les histoires de l&rsquo;\u00e9levage de la race d&rsquo;H\u00e9rens. Profitez des d\u00e9lices culinaires pr\u00e9par\u00e9s avec soin et d&rsquo;une [&hellip;]<\/p>\n","protected":false},"author":1,"featured_media":0,"parent":0,"menu_order":0,"comment_status":"closed","ping_status":"closed","template":"","meta":{"_acf_changed":false,"footnotes":""},"class_list":["post-2657","page","type-page","status-publish","hentry"],"acf":[],"yoast_head":"<!-- This site is optimized with the Yoast SEO plugin v27.3 - https:\/\/yoast.com\/product\/yoast-seo-wordpress\/ -->\n<title>Eringerst\u00fcbli - Hotel Aletsch Bettmeralp<\/title>\n<meta name=\"description\" content=\"Eringerst\u00fcbli sur la Bettmeralp - Savoure nos plats dans une ambiance authentique et d\u00e9couvre l&#039;\u00e9levage de la race d&#039;H\u00e9rens. Que demander de plus ?\" \/>\n<meta name=\"robots\" content=\"index, follow, max-snippet:-1, max-image-preview:large, max-video-preview:-1\" \/>\n<link rel=\"canonical\" href=\"https:\/\/www.hotel-aletsch.ch\/fr\/eringerstuebli\/\" \/>\n<meta property=\"og:locale\" content=\"fr_FR\" \/>\n<meta property=\"og:type\" content=\"article\" \/>\n<meta property=\"og:title\" content=\"Eringerst\u00fcbli - Hotel Aletsch Bettmeralp\" \/>\n<meta property=\"og:description\" content=\"Eringerst\u00fcbli sur la Bettmeralp - Savoure nos plats dans une ambiance authentique et d\u00e9couvre l&#039;\u00e9levage de la race d&#039;H\u00e9rens. Que demander de plus ?\" \/>\n<meta property=\"og:url\" content=\"https:\/\/www.hotel-aletsch.ch\/fr\/eringerstuebli\/\" \/>\n<meta property=\"og:site_name\" content=\"Hotel Aletsch Bettmeralp\" \/>\n<meta property=\"article:modified_time\" content=\"2024-10-29T17:18:30+00:00\" \/>\n<meta property=\"og:image\" content=\"https:\/\/www.hotel-aletsch.ch\/wp-content\/uploads\/2024\/04\/eringerkuh-stefan-eyholzer-sommer-aletsch-arena-02-scaled.jpeg\" \/>\n\t<meta property=\"og:image:width\" content=\"2560\" \/>\n\t<meta property=\"og:image:height\" content=\"1707\" \/>\n\t<meta property=\"og:image:type\" content=\"image\/jpeg\" \/>\n<meta name=\"twitter:card\" content=\"summary_large_image\" \/>\n<script type=\"application\/ld+json\" class=\"yoast-schema-graph\">{\"@context\":\"https:\\\/\\\/schema.org\",\"@graph\":[{\"@type\":\"WebPage\",\"@id\":\"https:\\\/\\\/www.hotel-aletsch.ch\\\/fr\\\/eringerstuebli\\\/\",\"url\":\"https:\\\/\\\/www.hotel-aletsch.ch\\\/fr\\\/eringerstuebli\\\/\",\"name\":\"Eringerst\u00fcbli - Hotel Aletsch Bettmeralp\",\"isPartOf\":{\"@id\":\"https:\\\/\\\/www.hotel-aletsch.ch\\\/#website\"},\"primaryImageOfPage\":{\"@id\":\"https:\\\/\\\/www.hotel-aletsch.ch\\\/fr\\\/eringerstuebli\\\/#primaryimage\"},\"image\":{\"@id\":\"https:\\\/\\\/www.hotel-aletsch.ch\\\/fr\\\/eringerstuebli\\\/#primaryimage\"},\"thumbnailUrl\":\"https:\\\/\\\/www.hotel-aletsch.ch\\\/wp-content\\\/uploads\\\/2024\\\/04\\\/eringerkuh-stefan-eyholzer-sommer-aletsch-arena-02-1024x683.jpeg\",\"datePublished\":\"2022-12-16T15:33:06+00:00\",\"dateModified\":\"2024-10-29T17:18:30+00:00\",\"description\":\"Eringerst\u00fcbli sur la Bettmeralp - Savoure nos plats dans une ambiance authentique et d\u00e9couvre l'\u00e9levage de la race d'H\u00e9rens. Que demander de plus ?\",\"breadcrumb\":{\"@id\":\"https:\\\/\\\/www.hotel-aletsch.ch\\\/fr\\\/eringerstuebli\\\/#breadcrumb\"},\"inLanguage\":\"fr-FR\",\"potentialAction\":[{\"@type\":\"ReadAction\",\"target\":[\"https:\\\/\\\/www.hotel-aletsch.ch\\\/fr\\\/eringerstuebli\\\/\"]}]},{\"@type\":\"ImageObject\",\"inLanguage\":\"fr-FR\",\"@id\":\"https:\\\/\\\/www.hotel-aletsch.ch\\\/fr\\\/eringerstuebli\\\/#primaryimage\",\"url\":\"https:\\\/\\\/www.hotel-aletsch.ch\\\/wp-content\\\/uploads\\\/2024\\\/04\\\/eringerkuh-stefan-eyholzer-sommer-aletsch-arena-02-1024x683.jpeg\",\"contentUrl\":\"https:\\\/\\\/www.hotel-aletsch.ch\\\/wp-content\\\/uploads\\\/2024\\\/04\\\/eringerkuh-stefan-eyholzer-sommer-aletsch-arena-02-1024x683.jpeg\"},{\"@type\":\"BreadcrumbList\",\"@id\":\"https:\\\/\\\/www.hotel-aletsch.ch\\\/fr\\\/eringerstuebli\\\/#breadcrumb\",\"itemListElement\":[{\"@type\":\"ListItem\",\"position\":1,\"name\":\"Startseite\",\"item\":\"https:\\\/\\\/www.hotel-aletsch.ch\\\/fr\\\/home\\\/\"},{\"@type\":\"ListItem\",\"position\":2,\"name\":\"Eringerst\u00fcbli\"}]},{\"@type\":\"WebSite\",\"@id\":\"https:\\\/\\\/www.hotel-aletsch.ch\\\/#website\",\"url\":\"https:\\\/\\\/www.hotel-aletsch.ch\\\/\",\"name\":\"Hotel Aletsch Bettmeralp\",\"description\":\"\",\"publisher\":{\"@id\":\"https:\\\/\\\/www.hotel-aletsch.ch\\\/#organization\"},\"potentialAction\":[{\"@type\":\"SearchAction\",\"target\":{\"@type\":\"EntryPoint\",\"urlTemplate\":\"https:\\\/\\\/www.hotel-aletsch.ch\\\/?s={search_term_string}\"},\"query-input\":{\"@type\":\"PropertyValueSpecification\",\"valueRequired\":true,\"valueName\":\"search_term_string\"}}],\"inLanguage\":\"fr-FR\"},{\"@type\":\"Organization\",\"@id\":\"https:\\\/\\\/www.hotel-aletsch.ch\\\/#organization\",\"name\":\"Hotel Aletsch Bettmeralp\",\"url\":\"https:\\\/\\\/www.hotel-aletsch.ch\\\/\",\"logo\":{\"@type\":\"ImageObject\",\"inLanguage\":\"fr-FR\",\"@id\":\"https:\\\/\\\/www.hotel-aletsch.ch\\\/#\\\/schema\\\/logo\\\/image\\\/\",\"url\":\"https:\\\/\\\/www.hotel-aletsch.ch\\\/wp-content\\\/uploads\\\/2024\\\/06\\\/Logo-Hotel-Restaurant-Aletsch-negative.svg\",\"contentUrl\":\"https:\\\/\\\/www.hotel-aletsch.ch\\\/wp-content\\\/uploads\\\/2024\\\/06\\\/Logo-Hotel-Restaurant-Aletsch-negative.svg\",\"width\":1701,\"height\":631,\"caption\":\"Hotel Aletsch Bettmeralp\"},\"image\":{\"@id\":\"https:\\\/\\\/www.hotel-aletsch.ch\\\/#\\\/schema\\\/logo\\\/image\\\/\"}}]}<\/script>\n<!-- \/ Yoast SEO plugin. -->","yoast_head_json":{"title":"Eringerst\u00fcbli - Hotel Aletsch Bettmeralp","description":"Eringerst\u00fcbli sur la Bettmeralp - Savoure nos plats dans une ambiance authentique et d\u00e9couvre l'\u00e9levage de la race d'H\u00e9rens. Que demander de plus ?","robots":{"index":"index","follow":"follow","max-snippet":"max-snippet:-1","max-image-preview":"max-image-preview:large","max-video-preview":"max-video-preview:-1"},"canonical":"https:\/\/www.hotel-aletsch.ch\/fr\/eringerstuebli\/","og_locale":"fr_FR","og_type":"article","og_title":"Eringerst\u00fcbli - Hotel Aletsch Bettmeralp","og_description":"Eringerst\u00fcbli sur la Bettmeralp - Savoure nos plats dans une ambiance authentique et d\u00e9couvre l'\u00e9levage de la race d'H\u00e9rens. Que demander de plus ?","og_url":"https:\/\/www.hotel-aletsch.ch\/fr\/eringerstuebli\/","og_site_name":"Hotel Aletsch Bettmeralp","article_modified_time":"2024-10-29T17:18:30+00:00","og_image":[{"width":2560,"height":1707,"url":"https:\/\/www.hotel-aletsch.ch\/wp-content\/uploads\/2024\/04\/eringerkuh-stefan-eyholzer-sommer-aletsch-arena-02-scaled.jpeg","type":"image\/jpeg"}],"twitter_card":"summary_large_image","schema":{"@context":"https:\/\/schema.org","@graph":[{"@type":"WebPage","@id":"https:\/\/www.hotel-aletsch.ch\/fr\/eringerstuebli\/","url":"https:\/\/www.hotel-aletsch.ch\/fr\/eringerstuebli\/","name":"Eringerst\u00fcbli - Hotel Aletsch Bettmeralp","isPartOf":{"@id":"https:\/\/www.hotel-aletsch.ch\/#website"},"primaryImageOfPage":{"@id":"https:\/\/www.hotel-aletsch.ch\/fr\/eringerstuebli\/#primaryimage"},"image":{"@id":"https:\/\/www.hotel-aletsch.ch\/fr\/eringerstuebli\/#primaryimage"},"thumbnailUrl":"https:\/\/www.hotel-aletsch.ch\/wp-content\/uploads\/2024\/04\/eringerkuh-stefan-eyholzer-sommer-aletsch-arena-02-1024x683.jpeg","datePublished":"2022-12-16T15:33:06+00:00","dateModified":"2024-10-29T17:18:30+00:00","description":"Eringerst\u00fcbli sur la Bettmeralp - Savoure nos plats dans une ambiance authentique et d\u00e9couvre l'\u00e9levage de la race d'H\u00e9rens. Que demander de plus ?","breadcrumb":{"@id":"https:\/\/www.hotel-aletsch.ch\/fr\/eringerstuebli\/#breadcrumb"},"inLanguage":"fr-FR","potentialAction":[{"@type":"ReadAction","target":["https:\/\/www.hotel-aletsch.ch\/fr\/eringerstuebli\/"]}]},{"@type":"ImageObject","inLanguage":"fr-FR","@id":"https:\/\/www.hotel-aletsch.ch\/fr\/eringerstuebli\/#primaryimage","url":"https:\/\/www.hotel-aletsch.ch\/wp-content\/uploads\/2024\/04\/eringerkuh-stefan-eyholzer-sommer-aletsch-arena-02-1024x683.jpeg","contentUrl":"https:\/\/www.hotel-aletsch.ch\/wp-content\/uploads\/2024\/04\/eringerkuh-stefan-eyholzer-sommer-aletsch-arena-02-1024x683.jpeg"},{"@type":"BreadcrumbList","@id":"https:\/\/www.hotel-aletsch.ch\/fr\/eringerstuebli\/#breadcrumb","itemListElement":[{"@type":"ListItem","position":1,"name":"Startseite","item":"https:\/\/www.hotel-aletsch.ch\/fr\/home\/"},{"@type":"ListItem","position":2,"name":"Eringerst\u00fcbli"}]},{"@type":"WebSite","@id":"https:\/\/www.hotel-aletsch.ch\/#website","url":"https:\/\/www.hotel-aletsch.ch\/","name":"Hotel Aletsch Bettmeralp","description":"","publisher":{"@id":"https:\/\/www.hotel-aletsch.ch\/#organization"},"potentialAction":[{"@type":"SearchAction","target":{"@type":"EntryPoint","urlTemplate":"https:\/\/www.hotel-aletsch.ch\/?s={search_term_string}"},"query-input":{"@type":"PropertyValueSpecification","valueRequired":true,"valueName":"search_term_string"}}],"inLanguage":"fr-FR"},{"@type":"Organization","@id":"https:\/\/www.hotel-aletsch.ch\/#organization","name":"Hotel Aletsch Bettmeralp","url":"https:\/\/www.hotel-aletsch.ch\/","logo":{"@type":"ImageObject","inLanguage":"fr-FR","@id":"https:\/\/www.hotel-aletsch.ch\/#\/schema\/logo\/image\/","url":"https:\/\/www.hotel-aletsch.ch\/wp-content\/uploads\/2024\/06\/Logo-Hotel-Restaurant-Aletsch-negative.svg","contentUrl":"https:\/\/www.hotel-aletsch.ch\/wp-content\/uploads\/2024\/06\/Logo-Hotel-Restaurant-Aletsch-negative.svg","width":1701,"height":631,"caption":"Hotel Aletsch Bettmeralp"},"image":{"@id":"https:\/\/www.hotel-aletsch.ch\/#\/schema\/logo\/image\/"}}]}},"_links":{"self":[{"href":"https:\/\/www.hotel-aletsch.ch\/fr\/wp-json\/wp\/v2\/pages\/2657","targetHints":{"allow":["GET"]}}],"collection":[{"href":"https:\/\/www.hotel-aletsch.ch\/fr\/wp-json\/wp\/v2\/pages"}],"about":[{"href":"https:\/\/www.hotel-aletsch.ch\/fr\/wp-json\/wp\/v2\/types\/page"}],"author":[{"embeddable":true,"href":"https:\/\/www.hotel-aletsch.ch\/fr\/wp-json\/wp\/v2\/users\/1"}],"replies":[{"embeddable":true,"href":"https:\/\/www.hotel-aletsch.ch\/fr\/wp-json\/wp\/v2\/comments?post=2657"}],"version-history":[{"count":1,"href":"https:\/\/www.hotel-aletsch.ch\/fr\/wp-json\/wp\/v2\/pages\/2657\/revisions"}],"predecessor-version":[{"id":2658,"href":"https:\/\/www.hotel-aletsch.ch\/fr\/wp-json\/wp\/v2\/pages\/2657\/revisions\/2658"}],"wp:attachment":[{"href":"https:\/\/www.hotel-aletsch.ch\/fr\/wp-json\/wp\/v2\/media?parent=2657"}],"curies":[{"name":"wp","href":"https:\/\/api.w.org\/{rel}","templated":true}]}}