{"id":2665,"date":"2022-12-16T17:32:12","date_gmt":"2022-12-16T17:32:12","guid":{"rendered":"https:\/\/www.hotel-aletsch.ch\/situation-itineraire\/"},"modified":"2025-08-05T06:44:50","modified_gmt":"2025-08-05T06:44:50","slug":"situation-itineraire","status":"publish","type":"page","link":"https:\/\/www.hotel-aletsch.ch\/fr\/situation-itineraire\/","title":{"rendered":"Situation \/ Itin\u00e9raire"},"content":{"rendered":"\t\t<div data-elementor-type=\"wp-page\" data-elementor-id=\"2665\" class=\"elementor elementor-2665 elementor-789\" data-elementor-post-type=\"page\">\n\t\t\t\t\t\t<section class=\"elementor-section elementor-top-section elementor-element elementor-element-84c4c65 elementor-section-full_width elementor-section-content-middle fullscreenslider elementor-section-height-default elementor-section-height-default\" data-id=\"84c4c65\" data-element_type=\"section\" data-e-type=\"section\">\n\t\t\t\t\t\t<div class=\"elementor-container elementor-column-gap-default\">\n\t\t\t\t\t<div class=\"elementor-column elementor-col-100 elementor-top-column elementor-element elementor-element-5952a08\" data-id=\"5952a08\" data-element_type=\"column\" data-e-type=\"column\">\n\t\t\t<div class=\"elementor-widget-wrap elementor-element-populated\">\n\t\t\t\t\t\t<div class=\"elementor-element elementor-element-71b5815 mainslider elementor--h-position-center elementor--v-position-middle elementor-arrows-position-inside elementor-pagination-position-inside elementor-widget elementor-widget-slides\" data-id=\"71b5815\" data-element_type=\"widget\" data-e-type=\"widget\" data-settings=\"{&quot;navigation&quot;:&quot;both&quot;,&quot;autoplay&quot;:&quot;yes&quot;,&quot;pause_on_hover&quot;:&quot;yes&quot;,&quot;pause_on_interaction&quot;:&quot;yes&quot;,&quot;autoplay_speed&quot;:5000,&quot;infinite&quot;:&quot;yes&quot;,&quot;transition&quot;:&quot;slide&quot;,&quot;transition_speed&quot;:500}\" data-widget_type=\"slides.default\">\n\t\t\t\t<div class=\"elementor-widget-container\">\n\t\t\t\t\t\t\t\t\t<div class=\"elementor-swiper\">\n\t\t\t\t\t<div class=\"elementor-slides-wrapper elementor-main-swiper swiper\" role=\"region\" aria-roledescription=\"carousel\" aria-label=\"Slides\" dir=\"ltr\" data-animation=\"fadeInUp\">\n\t\t\t\t<div class=\"swiper-wrapper elementor-slides\">\n\t\t\t\t\t\t\t\t\t\t<div class=\"elementor-repeater-item-166833f swiper-slide\" role=\"group\" aria-roledescription=\"slide\"><div class=\"swiper-slide-bg elementor-ken-burns elementor-ken-burns--in\" role=\"img\" aria-label=\"Hotel-Aletsch-Bettmeralp-Lage-und-Anreise\"><\/div><div class=\"swiper-slide-inner\" ><div class=\"swiper-slide-contents\"><\/div><\/div><\/div><div class=\"elementor-repeater-item-8062d3f swiper-slide\" role=\"group\" aria-roledescription=\"slide\"><div class=\"swiper-slide-bg elementor-ken-burns elementor-ken-burns--in\" role=\"img\" aria-label=\"Sonnenuntergang im Winter beim Hotel Aletsch\"><\/div><div class=\"swiper-slide-inner\" ><div class=\"swiper-slide-contents\"><\/div><\/div><\/div>\t\t\t\t<\/div>\n\t\t\t\t\t\t\t\t\t\t\t\t\t\t\t<div class=\"elementor-swiper-button elementor-swiper-button-prev\" role=\"button\" tabindex=\"0\" aria-label=\"Diapositive pr\u00e9c\u00e9dente\">\n\t\t\t\t\t\t\t<i aria-hidden=\"true\" class=\"eicon-chevron-left\"><\/i>\t\t\t\t\t\t<\/div>\n\t\t\t\t\t\t<div class=\"elementor-swiper-button elementor-swiper-button-next\" role=\"button\" tabindex=\"0\" aria-label=\"Diapositive suivante\">\n\t\t\t\t\t\t\t<i aria-hidden=\"true\" class=\"eicon-chevron-right\"><\/i>\t\t\t\t\t\t<\/div>\n\t\t\t\t\t\t\t\t\t\t\t\t\t\t\t\t<div class=\"swiper-pagination\"><\/div>\n\t\t\t\t\t\t\t\t\t\t\t\t<\/div>\n\t\t\t\t<\/div>\n\t\t\t\t\t\t\t\t<\/div>\n\t\t\t\t<\/div>\n\t\t\t\t\t<\/div>\n\t\t<\/div>\n\t\t\t\t\t<\/div>\n\t\t<\/section>\n\t\t\t\t<section class=\"elementor-section elementor-top-section elementor-element elementor-element-d7f5cb5 m-space r-section elementor-section-boxed elementor-section-height-default elementor-section-height-default\" data-id=\"d7f5cb5\" data-element_type=\"section\" data-e-type=\"section\">\n\t\t\t\t\t\t<div class=\"elementor-container elementor-column-gap-default\">\n\t\t\t\t\t<div class=\"elementor-column elementor-col-100 elementor-top-column elementor-element elementor-element-cdd1092\" data-id=\"cdd1092\" data-element_type=\"column\" data-e-type=\"column\">\n\t\t\t<div class=\"elementor-widget-wrap elementor-element-populated\">\n\t\t\t\t\t\t<div class=\"elementor-element elementor-element-806d633 elementor-widget elementor-widget-heading\" data-id=\"806d633\" data-element_type=\"widget\" data-e-type=\"widget\" data-widget_type=\"heading.default\">\n\t\t\t\t<div class=\"elementor-widget-container\">\n\t\t\t\t\t<h1 class=\"elementor-heading-title elementor-size-default\">Situation et itin\u00e9raire<\/h1>\t\t\t\t<\/div>\n\t\t\t\t<\/div>\n\t\t\t\t<div class=\"elementor-element elementor-element-1d4756a elementor-widget elementor-widget-text-editor\" data-id=\"1d4756a\" data-element_type=\"widget\" data-e-type=\"widget\" data-widget_type=\"text-editor.default\">\n\t\t\t\t<div class=\"elementor-widget-container\">\n\t\t\t\t\t\t\t\t\t<p>Notre h\u00f4tel Aletsch est nich\u00e9 dans un paysage de montagne \u00e0 couper le souffle, sur la Bettmeralp. Nous nous r\u00e9jouissons de vous accueillir chez nous. <\/p>\n\t\t\t\t\t\t\t\t<\/div>\n\t\t\t\t<\/div>\n\t\t\t\t\t<\/div>\n\t\t<\/div>\n\t\t\t\t\t<\/div>\n\t\t<\/section>\n\t\t\t\t<section class=\"elementor-section elementor-top-section elementor-element elementor-element-cb431a1 r-section elementor-section-boxed elementor-section-height-default elementor-section-height-default\" data-id=\"cb431a1\" data-element_type=\"section\" data-e-type=\"section\">\n\t\t\t\t\t\t<div class=\"elementor-container elementor-column-gap-default\">\n\t\t\t\t\t<div class=\"elementor-column elementor-col-50 elementor-top-column elementor-element elementor-element-fe92603\" data-id=\"fe92603\" data-element_type=\"column\" data-e-type=\"column\">\n\t\t\t<div class=\"elementor-widget-wrap elementor-element-populated\">\n\t\t\t\t\t\t<div class=\"elementor-element elementor-element-3c6b1f2 elementor-widget elementor-widget-google_maps\" data-id=\"3c6b1f2\" data-element_type=\"widget\" data-e-type=\"widget\" data-settings=\"{&quot;sticky&quot;:&quot;top&quot;,&quot;sticky_parent&quot;:&quot;yes&quot;,&quot;sticky_on&quot;:[&quot;desktop&quot;,&quot;tablet&quot;,&quot;mobile&quot;],&quot;sticky_offset&quot;:0,&quot;sticky_effects_offset&quot;:0,&quot;sticky_anchor_link_offset&quot;:0}\" data-widget_type=\"google_maps.default\">\n\t\t\t\t<div class=\"elementor-widget-container\">\n\t\t\t\t\t\t\t<div class=\"elementor-custom-embed\">\n\t\t\t<iframe loading=\"lazy\"\n\t\t\t\t\tsrc=\"https:\/\/maps.google.com\/maps?q=Hotel%20Aletsch%20Bettmeralp&#038;t=m&#038;z=16&#038;output=embed&#038;iwloc=near\"\n\t\t\t\t\ttitle=\"Hotel Aletsch Bettmeralp\"\n\t\t\t\t\taria-label=\"Hotel Aletsch Bettmeralp\"\n\t\t\t><\/iframe>\n\t\t<\/div>\n\t\t\t\t\t\t<\/div>\n\t\t\t\t<\/div>\n\t\t\t\t\t<\/div>\n\t\t<\/div>\n\t\t\t\t<div class=\"elementor-column elementor-col-50 elementor-top-column elementor-element elementor-element-d7e063a\" data-id=\"d7e063a\" data-element_type=\"column\" data-e-type=\"column\">\n\t\t\t<div class=\"elementor-widget-wrap elementor-element-populated\">\n\t\t\t\t\t\t<div class=\"elementor-element elementor-element-840769e elementor-widget elementor-widget-text-editor\" data-id=\"840769e\" data-element_type=\"widget\" data-e-type=\"widget\" data-widget_type=\"text-editor.default\">\n\t\t\t\t<div class=\"elementor-widget-container\">\n\t\t\t\t\t\t\t\t\t<p><strong>En voiture:<\/strong><br \/>* Gen\u00e8ve &#8212; Lac L\u00e9man &#8212; Vall\u00e9e du Rh\u00f4ne &#8212; Brigue<br \/>* Milan &#8212; Col du Simplon (ouvert toute l&rsquo;ann\u00e9e) &#8212; Brigue<br \/>* Allemagne &#8212; B\u00e2le &#8212; Berne &#8212; Kandersteg (chargement des voitures L\u00f6tschberg) &#8212; Brigue<br \/>* Zurich ou Lucerne &#8212; Gothard (raccordement N2) &#8212; Tunnel de la Furka (chargement des voitures)<br \/>* Brigue &#8212; Betten, route cantonale (12 km), vers le t\u00e9l\u00e9ph\u00e9rique \u00e0 grande cabine avec trajet direct jusqu&rsquo;\u00e0 Bettmeralp ou le t\u00e9l\u00e9ph\u00e9rique plus petit avec station interm\u00e9diaire \u00e0 Betten-Dorf.<\/p><p><strong>Transport des voitures au L\u00f6tschberg: <br \/><\/strong>toutes les 30 minutes.<\/p><p><strong>Transport des voitures Furka:<\/strong><br \/>toutes les 60 minutes.<\/p><p>A la station aval, un parking de 275 places, et un parking de 800 places.<\/p><p><strong>En train:<\/strong><br \/>De Lausanne, Berne ou B\u00e2le \u00e0 Brigue. Ensuite, trajet avec le Matterhorn Gotthard Bahn jusqu&rsquo;\u00e0 la station inf\u00e9rieure de Bettmeralp, o\u00f9 se trouvent \u00e9galement les deux t\u00e9l\u00e9ph\u00e9riques menant \u00e0 Bettmeralp.<\/p><p>De Zurich ou Lugano \u00e0 G\u00f6schenen. Changement de train pour Andermatt et de l\u00e0, correspondance avec le Matterhorn Gotthard Bahn \u00e0 destination de la gare de Betten.<\/p>\t\t\t\t\t\t\t\t<\/div>\n\t\t\t\t<\/div>\n\t\t\t\t\t<\/div>\n\t\t<\/div>\n\t\t\t\t\t<\/div>\n\t\t<\/section>\n\t\t\t\t<\/div>\n\t\t","protected":false},"excerpt":{"rendered":"<p>Situation et itin\u00e9raire Notre h\u00f4tel Aletsch est nich\u00e9 dans un paysage de montagne \u00e0 couper le souffle, sur la Bettmeralp. Nous nous r\u00e9jouissons de vous accueillir chez nous. En voiture:* Gen\u00e8ve &#8212; Lac L\u00e9man &#8212; Vall\u00e9e du Rh\u00f4ne &#8212; Brigue* Milan &#8212; Col du Simplon (ouvert toute l&rsquo;ann\u00e9e) &#8212; Brigue* Allemagne &#8212; B\u00e2le &#8212; Berne [&hellip;]<\/p>\n","protected":false},"author":1,"featured_media":0,"parent":0,"menu_order":0,"comment_status":"closed","ping_status":"closed","template":"","meta":{"_acf_changed":false,"footnotes":""},"class_list":["post-2665","page","type-page","status-publish","hentry"],"acf":[],"yoast_head":"<!-- This site is optimized with the Yoast SEO plugin v27.3 - https:\/\/yoast.com\/product\/yoast-seo-wordpress\/ -->\n<title>Situation \/ Itin\u00e9raire - Hotel Aletsch Bettmeralp<\/title>\n<meta name=\"description\" content=\"Situation et acc\u00e8s - Notre h\u00f4tel Aletsch est nich\u00e9 dans un paysage de montagne \u00e0 couper le souffle, sur la Bettmeralp. Nous nous r\u00e9jouissons de vous accueillir chez nous.\" \/>\n<meta name=\"robots\" content=\"index, follow, max-snippet:-1, max-image-preview:large, max-video-preview:-1\" \/>\n<link rel=\"canonical\" href=\"https:\/\/www.hotel-aletsch.ch\/fr\/situation-itineraire\/\" \/>\n<meta property=\"og:locale\" content=\"fr_FR\" \/>\n<meta property=\"og:type\" content=\"article\" \/>\n<meta property=\"og:title\" content=\"Situation \/ Itin\u00e9raire - Hotel Aletsch Bettmeralp\" \/>\n<meta property=\"og:description\" content=\"Situation et acc\u00e8s - Notre h\u00f4tel Aletsch est nich\u00e9 dans un paysage de montagne \u00e0 couper le souffle, sur la Bettmeralp. Nous nous r\u00e9jouissons de vous accueillir chez nous.\" \/>\n<meta property=\"og:url\" content=\"https:\/\/www.hotel-aletsch.ch\/fr\/situation-itineraire\/\" \/>\n<meta property=\"og:site_name\" content=\"Hotel Aletsch Bettmeralp\" \/>\n<meta property=\"article:modified_time\" content=\"2025-08-05T06:44:50+00:00\" \/>\n<meta name=\"twitter:card\" content=\"summary_large_image\" \/>\n<meta name=\"twitter:label1\" content=\"Dur\u00e9e de lecture estim\u00e9e\" \/>\n\t<meta name=\"twitter:data1\" content=\"1 minute\" \/>\n<script type=\"application\/ld+json\" class=\"yoast-schema-graph\">{\"@context\":\"https:\\\/\\\/schema.org\",\"@graph\":[{\"@type\":\"WebPage\",\"@id\":\"https:\\\/\\\/www.hotel-aletsch.ch\\\/fr\\\/situation-itineraire\\\/\",\"url\":\"https:\\\/\\\/www.hotel-aletsch.ch\\\/fr\\\/situation-itineraire\\\/\",\"name\":\"Situation \\\/ Itin\u00e9raire - Hotel Aletsch Bettmeralp\",\"isPartOf\":{\"@id\":\"https:\\\/\\\/www.hotel-aletsch.ch\\\/#website\"},\"datePublished\":\"2022-12-16T17:32:12+00:00\",\"dateModified\":\"2025-08-05T06:44:50+00:00\",\"description\":\"Situation et acc\u00e8s - Notre h\u00f4tel Aletsch est nich\u00e9 dans un paysage de montagne \u00e0 couper le souffle, sur la Bettmeralp. Nous nous r\u00e9jouissons de vous accueillir chez nous.\",\"breadcrumb\":{\"@id\":\"https:\\\/\\\/www.hotel-aletsch.ch\\\/fr\\\/situation-itineraire\\\/#breadcrumb\"},\"inLanguage\":\"fr-FR\",\"potentialAction\":[{\"@type\":\"ReadAction\",\"target\":[\"https:\\\/\\\/www.hotel-aletsch.ch\\\/fr\\\/situation-itineraire\\\/\"]}]},{\"@type\":\"BreadcrumbList\",\"@id\":\"https:\\\/\\\/www.hotel-aletsch.ch\\\/fr\\\/situation-itineraire\\\/#breadcrumb\",\"itemListElement\":[{\"@type\":\"ListItem\",\"position\":1,\"name\":\"Startseite\",\"item\":\"https:\\\/\\\/www.hotel-aletsch.ch\\\/fr\\\/home\\\/\"},{\"@type\":\"ListItem\",\"position\":2,\"name\":\"Situation \\\/ Itin\u00e9raire\"}]},{\"@type\":\"WebSite\",\"@id\":\"https:\\\/\\\/www.hotel-aletsch.ch\\\/#website\",\"url\":\"https:\\\/\\\/www.hotel-aletsch.ch\\\/\",\"name\":\"Hotel Aletsch Bettmeralp\",\"description\":\"\",\"publisher\":{\"@id\":\"https:\\\/\\\/www.hotel-aletsch.ch\\\/#organization\"},\"potentialAction\":[{\"@type\":\"SearchAction\",\"target\":{\"@type\":\"EntryPoint\",\"urlTemplate\":\"https:\\\/\\\/www.hotel-aletsch.ch\\\/?s={search_term_string}\"},\"query-input\":{\"@type\":\"PropertyValueSpecification\",\"valueRequired\":true,\"valueName\":\"search_term_string\"}}],\"inLanguage\":\"fr-FR\"},{\"@type\":\"Organization\",\"@id\":\"https:\\\/\\\/www.hotel-aletsch.ch\\\/#organization\",\"name\":\"Hotel Aletsch Bettmeralp\",\"url\":\"https:\\\/\\\/www.hotel-aletsch.ch\\\/\",\"logo\":{\"@type\":\"ImageObject\",\"inLanguage\":\"fr-FR\",\"@id\":\"https:\\\/\\\/www.hotel-aletsch.ch\\\/#\\\/schema\\\/logo\\\/image\\\/\",\"url\":\"https:\\\/\\\/www.hotel-aletsch.ch\\\/wp-content\\\/uploads\\\/2024\\\/06\\\/Logo-Hotel-Restaurant-Aletsch-negative.svg\",\"contentUrl\":\"https:\\\/\\\/www.hotel-aletsch.ch\\\/wp-content\\\/uploads\\\/2024\\\/06\\\/Logo-Hotel-Restaurant-Aletsch-negative.svg\",\"width\":1701,\"height\":631,\"caption\":\"Hotel Aletsch Bettmeralp\"},\"image\":{\"@id\":\"https:\\\/\\\/www.hotel-aletsch.ch\\\/#\\\/schema\\\/logo\\\/image\\\/\"}}]}<\/script>\n<!-- \/ Yoast SEO plugin. -->","yoast_head_json":{"title":"Situation \/ Itin\u00e9raire - Hotel Aletsch Bettmeralp","description":"Situation et acc\u00e8s - Notre h\u00f4tel Aletsch est nich\u00e9 dans un paysage de montagne \u00e0 couper le souffle, sur la Bettmeralp. Nous nous r\u00e9jouissons de vous accueillir chez nous.","robots":{"index":"index","follow":"follow","max-snippet":"max-snippet:-1","max-image-preview":"max-image-preview:large","max-video-preview":"max-video-preview:-1"},"canonical":"https:\/\/www.hotel-aletsch.ch\/fr\/situation-itineraire\/","og_locale":"fr_FR","og_type":"article","og_title":"Situation \/ Itin\u00e9raire - Hotel Aletsch Bettmeralp","og_description":"Situation et acc\u00e8s - Notre h\u00f4tel Aletsch est nich\u00e9 dans un paysage de montagne \u00e0 couper le souffle, sur la Bettmeralp. Nous nous r\u00e9jouissons de vous accueillir chez nous.","og_url":"https:\/\/www.hotel-aletsch.ch\/fr\/situation-itineraire\/","og_site_name":"Hotel Aletsch Bettmeralp","article_modified_time":"2025-08-05T06:44:50+00:00","twitter_card":"summary_large_image","twitter_misc":{"Dur\u00e9e de lecture estim\u00e9e":"1 minute"},"schema":{"@context":"https:\/\/schema.org","@graph":[{"@type":"WebPage","@id":"https:\/\/www.hotel-aletsch.ch\/fr\/situation-itineraire\/","url":"https:\/\/www.hotel-aletsch.ch\/fr\/situation-itineraire\/","name":"Situation \/ Itin\u00e9raire - Hotel Aletsch Bettmeralp","isPartOf":{"@id":"https:\/\/www.hotel-aletsch.ch\/#website"},"datePublished":"2022-12-16T17:32:12+00:00","dateModified":"2025-08-05T06:44:50+00:00","description":"Situation et acc\u00e8s - Notre h\u00f4tel Aletsch est nich\u00e9 dans un paysage de montagne \u00e0 couper le souffle, sur la Bettmeralp. Nous nous r\u00e9jouissons de vous accueillir chez nous.","breadcrumb":{"@id":"https:\/\/www.hotel-aletsch.ch\/fr\/situation-itineraire\/#breadcrumb"},"inLanguage":"fr-FR","potentialAction":[{"@type":"ReadAction","target":["https:\/\/www.hotel-aletsch.ch\/fr\/situation-itineraire\/"]}]},{"@type":"BreadcrumbList","@id":"https:\/\/www.hotel-aletsch.ch\/fr\/situation-itineraire\/#breadcrumb","itemListElement":[{"@type":"ListItem","position":1,"name":"Startseite","item":"https:\/\/www.hotel-aletsch.ch\/fr\/home\/"},{"@type":"ListItem","position":2,"name":"Situation \/ Itin\u00e9raire"}]},{"@type":"WebSite","@id":"https:\/\/www.hotel-aletsch.ch\/#website","url":"https:\/\/www.hotel-aletsch.ch\/","name":"Hotel Aletsch Bettmeralp","description":"","publisher":{"@id":"https:\/\/www.hotel-aletsch.ch\/#organization"},"potentialAction":[{"@type":"SearchAction","target":{"@type":"EntryPoint","urlTemplate":"https:\/\/www.hotel-aletsch.ch\/?s={search_term_string}"},"query-input":{"@type":"PropertyValueSpecification","valueRequired":true,"valueName":"search_term_string"}}],"inLanguage":"fr-FR"},{"@type":"Organization","@id":"https:\/\/www.hotel-aletsch.ch\/#organization","name":"Hotel Aletsch Bettmeralp","url":"https:\/\/www.hotel-aletsch.ch\/","logo":{"@type":"ImageObject","inLanguage":"fr-FR","@id":"https:\/\/www.hotel-aletsch.ch\/#\/schema\/logo\/image\/","url":"https:\/\/www.hotel-aletsch.ch\/wp-content\/uploads\/2024\/06\/Logo-Hotel-Restaurant-Aletsch-negative.svg","contentUrl":"https:\/\/www.hotel-aletsch.ch\/wp-content\/uploads\/2024\/06\/Logo-Hotel-Restaurant-Aletsch-negative.svg","width":1701,"height":631,"caption":"Hotel Aletsch Bettmeralp"},"image":{"@id":"https:\/\/www.hotel-aletsch.ch\/#\/schema\/logo\/image\/"}}]}},"_links":{"self":[{"href":"https:\/\/www.hotel-aletsch.ch\/fr\/wp-json\/wp\/v2\/pages\/2665","targetHints":{"allow":["GET"]}}],"collection":[{"href":"https:\/\/www.hotel-aletsch.ch\/fr\/wp-json\/wp\/v2\/pages"}],"about":[{"href":"https:\/\/www.hotel-aletsch.ch\/fr\/wp-json\/wp\/v2\/types\/page"}],"author":[{"embeddable":true,"href":"https:\/\/www.hotel-aletsch.ch\/fr\/wp-json\/wp\/v2\/users\/1"}],"replies":[{"embeddable":true,"href":"https:\/\/www.hotel-aletsch.ch\/fr\/wp-json\/wp\/v2\/comments?post=2665"}],"version-history":[{"count":6,"href":"https:\/\/www.hotel-aletsch.ch\/fr\/wp-json\/wp\/v2\/pages\/2665\/revisions"}],"predecessor-version":[{"id":2785,"href":"https:\/\/www.hotel-aletsch.ch\/fr\/wp-json\/wp\/v2\/pages\/2665\/revisions\/2785"}],"wp:attachment":[{"href":"https:\/\/www.hotel-aletsch.ch\/fr\/wp-json\/wp\/v2\/media?parent=2665"}],"curies":[{"name":"wp","href":"https:\/\/api.w.org\/{rel}","templated":true}]}}