{"id":2679,"date":"2022-12-15T23:17:45","date_gmt":"2022-12-15T23:17:45","guid":{"rendered":"https:\/\/www.hotel-aletsch.ch\/restaurant\/"},"modified":"2024-11-07T16:53:52","modified_gmt":"2024-11-07T16:53:52","slug":"restaurant","status":"publish","type":"page","link":"https:\/\/www.hotel-aletsch.ch\/fr\/restaurant\/","title":{"rendered":"Restaurant"},"content":{"rendered":"\t\t<div data-elementor-type=\"wp-page\" data-elementor-id=\"2679\" class=\"elementor elementor-2679 elementor-428\" data-elementor-post-type=\"page\">\n\t\t\t\t\t\t<section class=\"elementor-section elementor-top-section elementor-element elementor-element-e25a810 elementor-section-full_width elementor-section-content-middle fullscreenslider elementor-section-height-default elementor-section-height-default\" data-id=\"e25a810\" data-element_type=\"section\" data-e-type=\"section\">\n\t\t\t\t\t\t<div class=\"elementor-container elementor-column-gap-default\">\n\t\t\t\t\t<div class=\"elementor-column elementor-col-100 elementor-top-column elementor-element elementor-element-84580ab\" data-id=\"84580ab\" data-element_type=\"column\" data-e-type=\"column\">\n\t\t\t<div class=\"elementor-widget-wrap elementor-element-populated\">\n\t\t\t\t\t\t<div class=\"elementor-element elementor-element-e3cb850 mainslider elementor--h-position-center elementor--v-position-middle elementor-arrows-position-inside elementor-pagination-position-inside elementor-widget elementor-widget-slides\" data-id=\"e3cb850\" data-element_type=\"widget\" data-e-type=\"widget\" data-settings=\"{&quot;navigation&quot;:&quot;both&quot;,&quot;autoplay&quot;:&quot;yes&quot;,&quot;pause_on_hover&quot;:&quot;yes&quot;,&quot;pause_on_interaction&quot;:&quot;yes&quot;,&quot;autoplay_speed&quot;:5000,&quot;infinite&quot;:&quot;yes&quot;,&quot;transition&quot;:&quot;slide&quot;,&quot;transition_speed&quot;:500}\" data-widget_type=\"slides.default\">\n\t\t\t\t<div class=\"elementor-widget-container\">\n\t\t\t\t\t\t\t\t\t<div class=\"elementor-swiper\">\n\t\t\t\t\t<div class=\"elementor-slides-wrapper elementor-main-swiper swiper\" role=\"region\" aria-roledescription=\"carousel\" aria-label=\"Diapositives\" dir=\"ltr\" data-animation=\"fadeInUp\">\n\t\t\t\t<div class=\"swiper-wrapper elementor-slides\">\n\t\t\t\t\t\t\t\t\t\t<div class=\"elementor-repeater-item-166833f swiper-slide\" role=\"group\" aria-roledescription=\"slide\"><div class=\"swiper-slide-bg elementor-ken-burns elementor-ken-burns--in\" role=\"img\" aria-label=\"Hotel-Aletsch-Bettmeralp-Restaurant\"><\/div><div class=\"elementor-background-overlay\"><\/div><div class=\"swiper-slide-inner\" ><div class=\"swiper-slide-contents\"><\/div><\/div><\/div><div class=\"elementor-repeater-item-8062d3f swiper-slide\" role=\"group\" aria-roledescription=\"slide\"><div class=\"swiper-slide-bg elementor-ken-burns elementor-ken-burns--in\" role=\"img\" aria-label=\"Hotel-Aletsch-Bettmeralp-Restaurant-2\"><\/div><div class=\"elementor-background-overlay\"><\/div><div class=\"swiper-slide-inner\" ><div class=\"swiper-slide-contents\"><\/div><\/div><\/div>\t\t\t\t<\/div>\n\t\t\t\t\t\t\t\t\t\t\t\t\t\t\t<div class=\"elementor-swiper-button elementor-swiper-button-prev\" role=\"button\" tabindex=\"0\" aria-label=\"Diapositive pr\u00e9c\u00e9dente\">\n\t\t\t\t\t\t\t<i aria-hidden=\"true\" class=\"eicon-chevron-left\"><\/i>\t\t\t\t\t\t<\/div>\n\t\t\t\t\t\t<div class=\"elementor-swiper-button elementor-swiper-button-next\" role=\"button\" tabindex=\"0\" aria-label=\"Diapositive suivante\">\n\t\t\t\t\t\t\t<i aria-hidden=\"true\" class=\"eicon-chevron-right\"><\/i>\t\t\t\t\t\t<\/div>\n\t\t\t\t\t\t\t\t\t\t\t\t\t\t\t\t<div class=\"swiper-pagination\"><\/div>\n\t\t\t\t\t\t\t\t\t\t\t\t<\/div>\n\t\t\t\t<\/div>\n\t\t\t\t\t\t\t\t<\/div>\n\t\t\t\t<\/div>\n\t\t\t\t\t<\/div>\n\t\t<\/div>\n\t\t\t\t\t<\/div>\n\t\t<\/section>\n\t\t\t\t<section class=\"elementor-section elementor-top-section elementor-element elementor-element-4c10ffb r-section elementor-section-boxed elementor-section-height-default elementor-section-height-default\" data-id=\"4c10ffb\" data-element_type=\"section\" data-e-type=\"section\">\n\t\t\t\t\t\t<div class=\"elementor-container elementor-column-gap-default\">\n\t\t\t\t\t<div class=\"elementor-column elementor-col-100 elementor-top-column elementor-element elementor-element-c32b82c\" data-id=\"c32b82c\" data-element_type=\"column\" data-e-type=\"column\">\n\t\t\t<div class=\"elementor-widget-wrap elementor-element-populated\">\n\t\t\t\t\t\t<div class=\"elementor-element elementor-element-77630dc elementor-widget elementor-widget-heading\" data-id=\"77630dc\" data-element_type=\"widget\" data-e-type=\"widget\" data-widget_type=\"heading.default\">\n\t\t\t\t<div class=\"elementor-widget-container\">\n\t\t\t\t\t<h1 class=\"elementor-heading-title elementor-size-default\">Restaurant<\/h1>\t\t\t\t<\/div>\n\t\t\t\t<\/div>\n\t\t\t\t<div class=\"elementor-element elementor-element-d7ff79c elementor-widget elementor-widget-text-editor\" data-id=\"d7ff79c\" data-element_type=\"widget\" data-e-type=\"widget\" data-widget_type=\"text-editor.default\">\n\t\t\t\t<div class=\"elementor-widget-container\">\n\t\t\t\t\t\t\t\t\t<p>La montagne et la neige aiguisent la faim. Nos sp\u00e9cialit\u00e9s valaisannes et nos d\u00e9licieux plats de viande consistants sont alors exactement ce qu&rsquo;il faut pour des plaisirs gustatifs prononc\u00e9s. <\/p>\n<p>Nous sommes connus pour notre grand et savoureux choix de cordons-bleus. Que ce soit un \u00ab B\u00e4ttmerhoru \u00bb avec du jambon cru et des abricots ou quelque chose de plus exotique avec du fromage gras et du salami. Chez nous, chacun et chacune trouve son bonheur  <\/p>\n<p>Savourez dans notre restaurant sur la Bettmeralp.<\/p>\n\t\t\t\t\t\t\t\t<\/div>\n\t\t\t\t<\/div>\n\t\t\t\t<div class=\"elementor-element elementor-element-1731ee5 elementor-widget elementor-widget-text-editor\" data-id=\"1731ee5\" data-element_type=\"widget\" data-e-type=\"widget\" data-widget_type=\"text-editor.default\">\n\t\t\t\t<div class=\"elementor-widget-container\">\n\t\t\t\t\t\t\t\t\t<p>Le restaurant est ouvert tous les jours de 16h30 \u00e0 22h15.<\/p><p>La saison d&rsquo;\u00e9t\u00e9 dure du 21.6. au 18.10.2024 <br><\/p>\t\t\t\t\t\t\t\t<\/div>\n\t\t\t\t<\/div>\n\t\t\t\t\t<\/div>\n\t\t<\/div>\n\t\t\t\t\t<\/div>\n\t\t<\/section>\n\t\t\t\t<section class=\"elementor-section elementor-top-section elementor-element elementor-element-d338f82 r-section elementor-section-boxed elementor-section-height-default elementor-section-height-default\" data-id=\"d338f82\" data-element_type=\"section\" data-e-type=\"section\">\n\t\t\t\t\t\t<div class=\"elementor-container elementor-column-gap-default\">\n\t\t\t\t\t<div class=\"elementor-column elementor-col-50 elementor-top-column elementor-element elementor-element-c7dc6f1 order-2\" data-id=\"c7dc6f1\" data-element_type=\"column\" data-e-type=\"column\">\n\t\t\t<div class=\"elementor-widget-wrap elementor-element-populated\">\n\t\t\t\t\t\t<div class=\"elementor-element elementor-element-aca17f7 elementor-widget elementor-widget-gallery\" data-id=\"aca17f7\" data-element_type=\"widget\" data-e-type=\"widget\" data-settings=\"{&quot;columns&quot;:1,&quot;gap&quot;:{&quot;unit&quot;:&quot;px&quot;,&quot;size&quot;:15,&quot;sizes&quot;:[]},&quot;columns_tablet&quot;:1,&quot;lazyload&quot;:&quot;yes&quot;,&quot;gallery_layout&quot;:&quot;grid&quot;,&quot;columns_mobile&quot;:1,&quot;gap_tablet&quot;:{&quot;unit&quot;:&quot;px&quot;,&quot;size&quot;:10,&quot;sizes&quot;:[]},&quot;gap_mobile&quot;:{&quot;unit&quot;:&quot;px&quot;,&quot;size&quot;:10,&quot;sizes&quot;:[]},&quot;link_to&quot;:&quot;file&quot;,&quot;aspect_ratio&quot;:&quot;3:2&quot;,&quot;overlay_background&quot;:&quot;yes&quot;,&quot;content_hover_animation&quot;:&quot;fade-in&quot;}\" data-widget_type=\"gallery.default\">\n\t\t\t\t<div class=\"elementor-widget-container\">\n\t\t\t\t\t\t\t<div class=\"elementor-gallery__container\">\n\t\t\t\t\t\t\t<a class=\"e-gallery-item elementor-gallery-item elementor-animated-content\" href=\"https:\/\/www.hotel-aletsch.ch\/wp-content\/uploads\/2024\/07\/DSC_2713-scaled.jpg\" data-elementor-open-lightbox=\"yes\" data-elementor-lightbox-slideshow=\"aca17f7\" data-e-action-hash=\"#elementor-action%3Aaction%3Dlightbox%26settings%3DeyJpZCI6MjAzNywidXJsIjoiaHR0cHM6XC9cL3d3dy5ob3RlbC1hbGV0c2NoLmNoXC93cC1jb250ZW50XC91cGxvYWRzXC8yMDI0XC8wN1wvRFNDXzI3MTMtc2NhbGVkLmpwZyIsInNsaWRlc2hvdyI6ImFjYTE3ZjcifQ%3D%3D\">\n\t\t\t\t\t<div class=\"e-gallery-image elementor-gallery-item__image\" data-thumbnail=\"https:\/\/www.hotel-aletsch.ch\/wp-content\/uploads\/2024\/07\/DSC_2713-768x512.jpg\" data-width=\"768\" data-height=\"512\" aria-label=\"\" role=\"img\" ><\/div>\n\t\t\t\t\t\t\t\t\t\t\t<div class=\"elementor-gallery-item__overlay\"><\/div>\n\t\t\t\t\t\t\t\t\t\t\t\t\t\t<\/a>\n\t\t\t\t\t\t\t<a class=\"e-gallery-item elementor-gallery-item elementor-animated-content\" href=\"https:\/\/www.hotel-aletsch.ch\/wp-content\/uploads\/2024\/07\/DSC_2767-scaled.jpg\" data-elementor-open-lightbox=\"yes\" data-elementor-lightbox-slideshow=\"aca17f7\" data-e-action-hash=\"#elementor-action%3Aaction%3Dlightbox%26settings%3DeyJpZCI6MjAzOCwidXJsIjoiaHR0cHM6XC9cL3d3dy5ob3RlbC1hbGV0c2NoLmNoXC93cC1jb250ZW50XC91cGxvYWRzXC8yMDI0XC8wN1wvRFNDXzI3Njctc2NhbGVkLmpwZyIsInNsaWRlc2hvdyI6ImFjYTE3ZjcifQ%3D%3D\">\n\t\t\t\t\t<div class=\"e-gallery-image elementor-gallery-item__image\" data-thumbnail=\"https:\/\/www.hotel-aletsch.ch\/wp-content\/uploads\/2024\/07\/DSC_2767-768x512.jpg\" data-width=\"768\" data-height=\"512\" aria-label=\"\" role=\"img\" ><\/div>\n\t\t\t\t\t\t\t\t\t\t\t<div class=\"elementor-gallery-item__overlay\"><\/div>\n\t\t\t\t\t\t\t\t\t\t\t\t\t\t<\/a>\n\t\t\t\t\t\t\t<a class=\"e-gallery-item elementor-gallery-item elementor-animated-content\" href=\"https:\/\/www.hotel-aletsch.ch\/wp-content\/uploads\/2024\/07\/IMG_8302-scaled.jpg\" data-elementor-open-lightbox=\"yes\" data-elementor-lightbox-slideshow=\"aca17f7\" data-e-action-hash=\"#elementor-action%3Aaction%3Dlightbox%26settings%3DeyJpZCI6MjAzMiwidXJsIjoiaHR0cHM6XC9cL3d3dy5ob3RlbC1hbGV0c2NoLmNoXC93cC1jb250ZW50XC91cGxvYWRzXC8yMDI0XC8wN1wvSU1HXzgzMDItc2NhbGVkLmpwZyIsInNsaWRlc2hvdyI6ImFjYTE3ZjcifQ%3D%3D\">\n\t\t\t\t\t<div class=\"e-gallery-image elementor-gallery-item__image\" data-thumbnail=\"https:\/\/www.hotel-aletsch.ch\/wp-content\/uploads\/2024\/07\/IMG_8302-768x1024.jpg\" data-width=\"768\" data-height=\"1024\" aria-label=\"\" role=\"img\" ><\/div>\n\t\t\t\t\t\t\t\t\t\t\t<div class=\"elementor-gallery-item__overlay\"><\/div>\n\t\t\t\t\t\t\t\t\t\t\t\t\t\t<\/a>\n\t\t\t\t\t\t\t<a class=\"e-gallery-item elementor-gallery-item elementor-animated-content\" href=\"https:\/\/www.hotel-aletsch.ch\/wp-content\/uploads\/2024\/07\/DSC_2705-scaled.jpg\" data-elementor-open-lightbox=\"yes\" data-elementor-lightbox-slideshow=\"aca17f7\" data-e-action-hash=\"#elementor-action%3Aaction%3Dlightbox%26settings%3DeyJpZCI6MjAzNiwidXJsIjoiaHR0cHM6XC9cL3d3dy5ob3RlbC1hbGV0c2NoLmNoXC93cC1jb250ZW50XC91cGxvYWRzXC8yMDI0XC8wN1wvRFNDXzI3MDUtc2NhbGVkLmpwZyIsInNsaWRlc2hvdyI6ImFjYTE3ZjcifQ%3D%3D\">\n\t\t\t\t\t<div class=\"e-gallery-image elementor-gallery-item__image\" data-thumbnail=\"https:\/\/www.hotel-aletsch.ch\/wp-content\/uploads\/2024\/07\/DSC_2705-768x512.jpg\" data-width=\"768\" data-height=\"512\" aria-label=\"\" role=\"img\" ><\/div>\n\t\t\t\t\t\t\t\t\t\t\t<div class=\"elementor-gallery-item__overlay\"><\/div>\n\t\t\t\t\t\t\t\t\t\t\t\t\t\t<\/a>\n\t\t\t\t\t\t\t<a class=\"e-gallery-item elementor-gallery-item elementor-animated-content\" href=\"https:\/\/www.hotel-aletsch.ch\/wp-content\/uploads\/2024\/07\/DSC_3300-1-scaled.jpg\" data-elementor-open-lightbox=\"yes\" data-elementor-lightbox-slideshow=\"aca17f7\" data-e-action-hash=\"#elementor-action%3Aaction%3Dlightbox%26settings%3DeyJpZCI6MjAzOSwidXJsIjoiaHR0cHM6XC9cL3d3dy5ob3RlbC1hbGV0c2NoLmNoXC93cC1jb250ZW50XC91cGxvYWRzXC8yMDI0XC8wN1wvRFNDXzMzMDAtMS1zY2FsZWQuanBnIiwic2xpZGVzaG93IjoiYWNhMTdmNyJ9\">\n\t\t\t\t\t<div class=\"e-gallery-image elementor-gallery-item__image\" data-thumbnail=\"https:\/\/www.hotel-aletsch.ch\/wp-content\/uploads\/2024\/07\/DSC_3300-1-768x512.jpg\" data-width=\"768\" data-height=\"512\" aria-label=\"\" role=\"img\" ><\/div>\n\t\t\t\t\t\t\t\t\t\t\t<div class=\"elementor-gallery-item__overlay\"><\/div>\n\t\t\t\t\t\t\t\t\t\t\t\t\t\t<\/a>\n\t\t\t\t\t<\/div>\n\t\t\t\t\t<\/div>\n\t\t\t\t<\/div>\n\t\t\t\t\t<\/div>\n\t\t<\/div>\n\t\t\t\t<div class=\"elementor-column elementor-col-50 elementor-top-column elementor-element elementor-element-528e5b7\" data-id=\"528e5b7\" data-element_type=\"column\" data-e-type=\"column\">\n\t\t\t<div class=\"elementor-widget-wrap elementor-element-populated\">\n\t\t\t\t\t\t<div class=\"elementor-section elementor-inner-section elementor-element elementor-element-aecc873 elementor-section-boxed elementor-section-height-default elementor-section-height-default\" data-id=\"aecc873\" data-element_type=\"section\" data-e-type=\"section\" data-settings=\"{&quot;sticky&quot;:&quot;top&quot;,&quot;sticky_parent&quot;:&quot;yes&quot;,&quot;sticky_on&quot;:[&quot;desktop&quot;,&quot;tablet&quot;],&quot;sticky_offset&quot;:0,&quot;sticky_effects_offset&quot;:0,&quot;sticky_anchor_link_offset&quot;:0}\">\n\t\t\t\t\t\t<div class=\"elementor-container elementor-column-gap-default\">\n\t\t\t\t\t<div class=\"elementor-column elementor-col-100 elementor-inner-column elementor-element elementor-element-9fcf51e order-1\" data-id=\"9fcf51e\" data-element_type=\"column\" data-e-type=\"column\">\n\t\t\t<div class=\"elementor-widget-wrap elementor-element-populated\">\n\t\t\t\t\t\t<div class=\"elementor-element elementor-element-24de996 elementor-widget elementor-widget-text-editor\" data-id=\"24de996\" data-element_type=\"widget\" data-e-type=\"widget\" data-widget_type=\"text-editor.default\">\n\t\t\t\t<div class=\"elementor-widget-container\">\n\t\t\t\t\t\t\t\t\t<h4>La Suisse &#8211;<br>culinairement parlant<\/h4>\n<p>Dans l&rsquo;atmosph\u00e8re chaleureuse de notre restaurant, vous pouvez \u00e9galement vous d\u00e9tendre. Vous avez un autre souhait ? Avec plaisir ! <\/p>\n<p>R\u00e9servez votre table par <a href=\"https:\/\/www.hotel-aletsch.ch\/kontakt\/\">t\u00e9l\u00e9phone<\/a> ou par <a href=\"https:\/\/www.hotel-aletsch.ch\/kontakt\/\">e-mail<\/a>.<br><\/p>\t\t\t\t\t\t\t\t<\/div>\n\t\t\t\t<\/div>\n\t\t\t\t\t<\/div>\n\t\t<\/div>\n\t\t\t\t\t<\/div>\n\t\t<\/div>\n\t\t\t\t\t<\/div>\n\t\t<\/div>\n\t\t\t\t\t<\/div>\n\t\t<\/section>\n\t\t\t\t<\/div>\n\t\t","protected":false},"excerpt":{"rendered":"<p>Previous slide Next slide Restaurant La montagne et la neige aiguisent la faim. Nos sp\u00e9cialit\u00e9s valaisannes et nos d\u00e9licieux plats de viande consistants sont alors exactement ce qu&rsquo;il faut pour des plaisirs gustatifs prononc\u00e9s. Nous sommes connus pour notre grand et savoureux choix de cordons-bleus. Que ce soit un \u00ab B\u00e4ttmerhoru \u00bb avec du jambon [&hellip;]<\/p>\n","protected":false},"author":1,"featured_media":0,"parent":0,"menu_order":0,"comment_status":"closed","ping_status":"closed","template":"","meta":{"_acf_changed":false,"footnotes":""},"class_list":["post-2679","page","type-page","status-publish","hentry"],"acf":[],"yoast_head":"<!-- This site is optimized with the Yoast SEO plugin v27.3 - https:\/\/yoast.com\/product\/yoast-seo-wordpress\/ -->\n<title>Restaurant - Hotel Aletsch Bettmeralp<\/title>\n<meta name=\"description\" content=\"La montagne et la neige aiguisent la faim. Nos sp\u00e9cialit\u00e9s valaisannes et nos d\u00e9licieux plats de viande consistants sont alors exactement ce qu&#039;il faut pour des plaisirs gustatifs prononc\u00e9s. Venez vous r\u00e9galer dans notre restaurant de Bettmeralp.\" \/>\n<meta name=\"robots\" content=\"index, follow, max-snippet:-1, max-image-preview:large, max-video-preview:-1\" \/>\n<link rel=\"canonical\" href=\"https:\/\/www.hotel-aletsch.ch\/fr\/restaurant\/\" \/>\n<meta property=\"og:locale\" content=\"fr_FR\" \/>\n<meta property=\"og:type\" content=\"article\" \/>\n<meta property=\"og:title\" content=\"Restaurant - Hotel Aletsch Bettmeralp\" \/>\n<meta property=\"og:description\" content=\"La montagne et la neige aiguisent la faim. Nos sp\u00e9cialit\u00e9s valaisannes et nos d\u00e9licieux plats de viande consistants sont alors exactement ce qu&#039;il faut pour des plaisirs gustatifs prononc\u00e9s. Venez vous r\u00e9galer dans notre restaurant de Bettmeralp.\" \/>\n<meta property=\"og:url\" content=\"https:\/\/www.hotel-aletsch.ch\/fr\/restaurant\/\" \/>\n<meta property=\"og:site_name\" content=\"Hotel Aletsch Bettmeralp\" \/>\n<meta property=\"article:modified_time\" content=\"2024-11-07T16:53:52+00:00\" \/>\n<meta name=\"twitter:card\" content=\"summary_large_image\" \/>\n<meta name=\"twitter:label1\" content=\"Dur\u00e9e de lecture estim\u00e9e\" \/>\n\t<meta name=\"twitter:data1\" content=\"1 minute\" \/>\n<script type=\"application\/ld+json\" class=\"yoast-schema-graph\">{\"@context\":\"https:\\\/\\\/schema.org\",\"@graph\":[{\"@type\":\"WebPage\",\"@id\":\"https:\\\/\\\/www.hotel-aletsch.ch\\\/fr\\\/restaurant\\\/\",\"url\":\"https:\\\/\\\/www.hotel-aletsch.ch\\\/fr\\\/restaurant\\\/\",\"name\":\"Restaurant - Hotel Aletsch Bettmeralp\",\"isPartOf\":{\"@id\":\"https:\\\/\\\/www.hotel-aletsch.ch\\\/#website\"},\"datePublished\":\"2022-12-15T23:17:45+00:00\",\"dateModified\":\"2024-11-07T16:53:52+00:00\",\"description\":\"La montagne et la neige aiguisent la faim. Nos sp\u00e9cialit\u00e9s valaisannes et nos d\u00e9licieux plats de viande consistants sont alors exactement ce qu'il faut pour des plaisirs gustatifs prononc\u00e9s. Venez vous r\u00e9galer dans notre restaurant de Bettmeralp.\",\"breadcrumb\":{\"@id\":\"https:\\\/\\\/www.hotel-aletsch.ch\\\/fr\\\/restaurant\\\/#breadcrumb\"},\"inLanguage\":\"fr-FR\",\"potentialAction\":[{\"@type\":\"ReadAction\",\"target\":[\"https:\\\/\\\/www.hotel-aletsch.ch\\\/fr\\\/restaurant\\\/\"]}]},{\"@type\":\"BreadcrumbList\",\"@id\":\"https:\\\/\\\/www.hotel-aletsch.ch\\\/fr\\\/restaurant\\\/#breadcrumb\",\"itemListElement\":[{\"@type\":\"ListItem\",\"position\":1,\"name\":\"Startseite\",\"item\":\"https:\\\/\\\/www.hotel-aletsch.ch\\\/fr\\\/home\\\/\"},{\"@type\":\"ListItem\",\"position\":2,\"name\":\"Restaurant\"}]},{\"@type\":\"WebSite\",\"@id\":\"https:\\\/\\\/www.hotel-aletsch.ch\\\/#website\",\"url\":\"https:\\\/\\\/www.hotel-aletsch.ch\\\/\",\"name\":\"Hotel Aletsch Bettmeralp\",\"description\":\"\",\"publisher\":{\"@id\":\"https:\\\/\\\/www.hotel-aletsch.ch\\\/#organization\"},\"potentialAction\":[{\"@type\":\"SearchAction\",\"target\":{\"@type\":\"EntryPoint\",\"urlTemplate\":\"https:\\\/\\\/www.hotel-aletsch.ch\\\/?s={search_term_string}\"},\"query-input\":{\"@type\":\"PropertyValueSpecification\",\"valueRequired\":true,\"valueName\":\"search_term_string\"}}],\"inLanguage\":\"fr-FR\"},{\"@type\":\"Organization\",\"@id\":\"https:\\\/\\\/www.hotel-aletsch.ch\\\/#organization\",\"name\":\"Hotel Aletsch Bettmeralp\",\"url\":\"https:\\\/\\\/www.hotel-aletsch.ch\\\/\",\"logo\":{\"@type\":\"ImageObject\",\"inLanguage\":\"fr-FR\",\"@id\":\"https:\\\/\\\/www.hotel-aletsch.ch\\\/#\\\/schema\\\/logo\\\/image\\\/\",\"url\":\"https:\\\/\\\/www.hotel-aletsch.ch\\\/wp-content\\\/uploads\\\/2024\\\/06\\\/Logo-Hotel-Restaurant-Aletsch-negative.svg\",\"contentUrl\":\"https:\\\/\\\/www.hotel-aletsch.ch\\\/wp-content\\\/uploads\\\/2024\\\/06\\\/Logo-Hotel-Restaurant-Aletsch-negative.svg\",\"width\":1701,\"height\":631,\"caption\":\"Hotel Aletsch Bettmeralp\"},\"image\":{\"@id\":\"https:\\\/\\\/www.hotel-aletsch.ch\\\/#\\\/schema\\\/logo\\\/image\\\/\"}}]}<\/script>\n<!-- \/ Yoast SEO plugin. -->","yoast_head_json":{"title":"Restaurant - Hotel Aletsch Bettmeralp","description":"La montagne et la neige aiguisent la faim. Nos sp\u00e9cialit\u00e9s valaisannes et nos d\u00e9licieux plats de viande consistants sont alors exactement ce qu'il faut pour des plaisirs gustatifs prononc\u00e9s. Venez vous r\u00e9galer dans notre restaurant de Bettmeralp.","robots":{"index":"index","follow":"follow","max-snippet":"max-snippet:-1","max-image-preview":"max-image-preview:large","max-video-preview":"max-video-preview:-1"},"canonical":"https:\/\/www.hotel-aletsch.ch\/fr\/restaurant\/","og_locale":"fr_FR","og_type":"article","og_title":"Restaurant - Hotel Aletsch Bettmeralp","og_description":"La montagne et la neige aiguisent la faim. Nos sp\u00e9cialit\u00e9s valaisannes et nos d\u00e9licieux plats de viande consistants sont alors exactement ce qu'il faut pour des plaisirs gustatifs prononc\u00e9s. Venez vous r\u00e9galer dans notre restaurant de Bettmeralp.","og_url":"https:\/\/www.hotel-aletsch.ch\/fr\/restaurant\/","og_site_name":"Hotel Aletsch Bettmeralp","article_modified_time":"2024-11-07T16:53:52+00:00","twitter_card":"summary_large_image","twitter_misc":{"Dur\u00e9e de lecture estim\u00e9e":"1 minute"},"schema":{"@context":"https:\/\/schema.org","@graph":[{"@type":"WebPage","@id":"https:\/\/www.hotel-aletsch.ch\/fr\/restaurant\/","url":"https:\/\/www.hotel-aletsch.ch\/fr\/restaurant\/","name":"Restaurant - Hotel Aletsch Bettmeralp","isPartOf":{"@id":"https:\/\/www.hotel-aletsch.ch\/#website"},"datePublished":"2022-12-15T23:17:45+00:00","dateModified":"2024-11-07T16:53:52+00:00","description":"La montagne et la neige aiguisent la faim. Nos sp\u00e9cialit\u00e9s valaisannes et nos d\u00e9licieux plats de viande consistants sont alors exactement ce qu'il faut pour des plaisirs gustatifs prononc\u00e9s. Venez vous r\u00e9galer dans notre restaurant de Bettmeralp.","breadcrumb":{"@id":"https:\/\/www.hotel-aletsch.ch\/fr\/restaurant\/#breadcrumb"},"inLanguage":"fr-FR","potentialAction":[{"@type":"ReadAction","target":["https:\/\/www.hotel-aletsch.ch\/fr\/restaurant\/"]}]},{"@type":"BreadcrumbList","@id":"https:\/\/www.hotel-aletsch.ch\/fr\/restaurant\/#breadcrumb","itemListElement":[{"@type":"ListItem","position":1,"name":"Startseite","item":"https:\/\/www.hotel-aletsch.ch\/fr\/home\/"},{"@type":"ListItem","position":2,"name":"Restaurant"}]},{"@type":"WebSite","@id":"https:\/\/www.hotel-aletsch.ch\/#website","url":"https:\/\/www.hotel-aletsch.ch\/","name":"Hotel Aletsch Bettmeralp","description":"","publisher":{"@id":"https:\/\/www.hotel-aletsch.ch\/#organization"},"potentialAction":[{"@type":"SearchAction","target":{"@type":"EntryPoint","urlTemplate":"https:\/\/www.hotel-aletsch.ch\/?s={search_term_string}"},"query-input":{"@type":"PropertyValueSpecification","valueRequired":true,"valueName":"search_term_string"}}],"inLanguage":"fr-FR"},{"@type":"Organization","@id":"https:\/\/www.hotel-aletsch.ch\/#organization","name":"Hotel Aletsch Bettmeralp","url":"https:\/\/www.hotel-aletsch.ch\/","logo":{"@type":"ImageObject","inLanguage":"fr-FR","@id":"https:\/\/www.hotel-aletsch.ch\/#\/schema\/logo\/image\/","url":"https:\/\/www.hotel-aletsch.ch\/wp-content\/uploads\/2024\/06\/Logo-Hotel-Restaurant-Aletsch-negative.svg","contentUrl":"https:\/\/www.hotel-aletsch.ch\/wp-content\/uploads\/2024\/06\/Logo-Hotel-Restaurant-Aletsch-negative.svg","width":1701,"height":631,"caption":"Hotel Aletsch Bettmeralp"},"image":{"@id":"https:\/\/www.hotel-aletsch.ch\/#\/schema\/logo\/image\/"}}]}},"_links":{"self":[{"href":"https:\/\/www.hotel-aletsch.ch\/fr\/wp-json\/wp\/v2\/pages\/2679","targetHints":{"allow":["GET"]}}],"collection":[{"href":"https:\/\/www.hotel-aletsch.ch\/fr\/wp-json\/wp\/v2\/pages"}],"about":[{"href":"https:\/\/www.hotel-aletsch.ch\/fr\/wp-json\/wp\/v2\/types\/page"}],"author":[{"embeddable":true,"href":"https:\/\/www.hotel-aletsch.ch\/fr\/wp-json\/wp\/v2\/users\/1"}],"replies":[{"embeddable":true,"href":"https:\/\/www.hotel-aletsch.ch\/fr\/wp-json\/wp\/v2\/comments?post=2679"}],"version-history":[{"count":1,"href":"https:\/\/www.hotel-aletsch.ch\/fr\/wp-json\/wp\/v2\/pages\/2679\/revisions"}],"predecessor-version":[{"id":2680,"href":"https:\/\/www.hotel-aletsch.ch\/fr\/wp-json\/wp\/v2\/pages\/2679\/revisions\/2680"}],"wp:attachment":[{"href":"https:\/\/www.hotel-aletsch.ch\/fr\/wp-json\/wp\/v2\/media?parent=2679"}],"curies":[{"name":"wp","href":"https:\/\/api.w.org\/{rel}","templated":true}]}}