{"id":2689,"date":"2022-12-16T15:57:59","date_gmt":"2022-12-16T15:57:59","guid":{"rendered":"https:\/\/www.hotel-aletsch.ch\/terrasse\/"},"modified":"2024-11-07T17:13:23","modified_gmt":"2024-11-07T17:13:23","slug":"terrasse","status":"publish","type":"page","link":"https:\/\/www.hotel-aletsch.ch\/fr\/terrasse\/","title":{"rendered":"Terrasse"},"content":{"rendered":"\t\t<div data-elementor-type=\"wp-page\" data-elementor-id=\"2689\" class=\"elementor elementor-2689 elementor-721\" data-elementor-post-type=\"page\">\n\t\t\t\t\t\t<section class=\"elementor-section elementor-top-section elementor-element elementor-element-8569e5b elementor-section-full_width elementor-section-content-middle fullscreenslider elementor-section-height-default elementor-section-height-default\" data-id=\"8569e5b\" data-element_type=\"section\" data-e-type=\"section\">\n\t\t\t\t\t\t<div class=\"elementor-container elementor-column-gap-default\">\n\t\t\t\t\t<div class=\"elementor-column elementor-col-100 elementor-top-column elementor-element elementor-element-4d4dd22\" data-id=\"4d4dd22\" data-element_type=\"column\" data-e-type=\"column\">\n\t\t\t<div class=\"elementor-widget-wrap elementor-element-populated\">\n\t\t\t\t\t\t<div class=\"elementor-element elementor-element-80c4ac9 mainslider elementor--h-position-center elementor--v-position-middle elementor-arrows-position-inside elementor-pagination-position-inside elementor-widget elementor-widget-slides\" data-id=\"80c4ac9\" data-element_type=\"widget\" data-e-type=\"widget\" data-settings=\"{&quot;navigation&quot;:&quot;both&quot;,&quot;autoplay&quot;:&quot;yes&quot;,&quot;pause_on_hover&quot;:&quot;yes&quot;,&quot;pause_on_interaction&quot;:&quot;yes&quot;,&quot;autoplay_speed&quot;:5000,&quot;infinite&quot;:&quot;yes&quot;,&quot;transition&quot;:&quot;slide&quot;,&quot;transition_speed&quot;:500}\" data-widget_type=\"slides.default\">\n\t\t\t\t<div class=\"elementor-widget-container\">\n\t\t\t\t\t\t\t\t\t<div class=\"elementor-swiper\">\n\t\t\t\t\t<div class=\"elementor-slides-wrapper elementor-main-swiper swiper\" role=\"region\" aria-roledescription=\"carousel\" aria-label=\"Diapositives\" dir=\"ltr\" data-animation=\"fadeInUp\">\n\t\t\t\t<div class=\"swiper-wrapper elementor-slides\">\n\t\t\t\t\t\t\t\t\t\t<div class=\"elementor-repeater-item-166833f swiper-slide\" role=\"group\" aria-roledescription=\"slide\"><div class=\"swiper-slide-bg\" role=\"img\" aria-label=\"Hotel-Aletsch-Terrasse-24-7-14 (19)\"><\/div><div class=\"elementor-background-overlay\"><\/div><div class=\"swiper-slide-inner\" ><div class=\"swiper-slide-contents\"><\/div><\/div><\/div><div class=\"elementor-repeater-item-de32911 swiper-slide\" role=\"group\" aria-roledescription=\"slide\"><div class=\"swiper-slide-bg\" role=\"img\" aria-label=\"Hotel-Aletsch-Bettmeralp-Terrasse\"><\/div><div class=\"elementor-background-overlay\"><\/div><div class=\"swiper-slide-inner\" ><div class=\"swiper-slide-contents\"><\/div><\/div><\/div>\t\t\t\t<\/div>\n\t\t\t\t\t\t\t\t\t\t\t\t\t\t\t<div class=\"elementor-swiper-button elementor-swiper-button-prev\" role=\"button\" tabindex=\"0\" aria-label=\"Diapositive pr\u00e9c\u00e9dente\">\n\t\t\t\t\t\t\t<i aria-hidden=\"true\" class=\"eicon-chevron-left\"><\/i>\t\t\t\t\t\t<\/div>\n\t\t\t\t\t\t<div class=\"elementor-swiper-button elementor-swiper-button-next\" role=\"button\" tabindex=\"0\" aria-label=\"Diapositive suivante\">\n\t\t\t\t\t\t\t<i aria-hidden=\"true\" class=\"eicon-chevron-right\"><\/i>\t\t\t\t\t\t<\/div>\n\t\t\t\t\t\t\t\t\t\t\t\t\t\t\t\t<div class=\"swiper-pagination\"><\/div>\n\t\t\t\t\t\t\t\t\t\t\t\t<\/div>\n\t\t\t\t<\/div>\n\t\t\t\t\t\t\t\t<\/div>\n\t\t\t\t<\/div>\n\t\t\t\t\t<\/div>\n\t\t<\/div>\n\t\t\t\t\t<\/div>\n\t\t<\/section>\n\t\t\t\t<section class=\"elementor-section elementor-top-section elementor-element elementor-element-1f98ea76 m-space r-section elementor-section-boxed elementor-section-height-default elementor-section-height-default\" data-id=\"1f98ea76\" data-element_type=\"section\" data-e-type=\"section\">\n\t\t\t\t\t\t<div class=\"elementor-container elementor-column-gap-default\">\n\t\t\t\t\t<div class=\"elementor-column elementor-col-100 elementor-top-column elementor-element elementor-element-707a55b\" data-id=\"707a55b\" data-element_type=\"column\" data-e-type=\"column\">\n\t\t\t<div class=\"elementor-widget-wrap elementor-element-populated\">\n\t\t\t\t\t\t<div class=\"elementor-element elementor-element-5766dc3b elementor-widget elementor-widget-heading\" data-id=\"5766dc3b\" data-element_type=\"widget\" data-e-type=\"widget\" data-widget_type=\"heading.default\">\n\t\t\t\t<div class=\"elementor-widget-container\">\n\t\t\t\t\t<h1 class=\"elementor-heading-title elementor-size-default\">Terrasse<\/h1>\t\t\t\t<\/div>\n\t\t\t\t<\/div>\n\t\t\t\t<div class=\"elementor-element elementor-element-5da77123 elementor-widget elementor-widget-text-editor\" data-id=\"5da77123\" data-element_type=\"widget\" data-e-type=\"widget\" data-widget_type=\"text-editor.default\">\n\t\t\t\t<div class=\"elementor-widget-container\">\n\t\t\t\t\t\t\t\t\t<h4>Savourer avec une vue panoramique<\/h4>\n<p>Qui ne conna\u00eet pas le Cervin ? Notre terrasse offre une vue magnifique sur cet embl\u00e8me de la Suisse et sur le plus haut sommet des Alpes, le Dom. Et si vous avez faim en la regardant, ce n&rsquo;est certainement pas seulement parce que le sommet de cette montagne a servi de mod\u00e8le au chocolat Toblerone. Mais aussi \u00e0 nos d\u00e9licieux plats, que nous vous servons volontiers sur la terrasse, afin que vous puissiez profiter doublement de la vue.   <\/p>\t\t\t\t\t\t\t\t<\/div>\n\t\t\t\t<\/div>\n\t\t\t\t\t<\/div>\n\t\t<\/div>\n\t\t\t\t\t<\/div>\n\t\t<\/section>\n\t\t\t\t<section class=\"elementor-section elementor-top-section elementor-element elementor-element-5332a86 elementor-section-boxed elementor-section-height-default elementor-section-height-default\" data-id=\"5332a86\" data-element_type=\"section\" data-e-type=\"section\">\n\t\t\t\t\t\t<div class=\"elementor-container elementor-column-gap-default\">\n\t\t\t\t\t<div class=\"elementor-column elementor-col-25 elementor-top-column elementor-element elementor-element-d2debc8\" data-id=\"d2debc8\" data-element_type=\"column\" data-e-type=\"column\">\n\t\t\t<div class=\"elementor-widget-wrap elementor-element-populated\">\n\t\t\t\t\t\t<div class=\"elementor-element elementor-element-341eb39 elementor-widget elementor-widget-image\" data-id=\"341eb39\" data-element_type=\"widget\" data-e-type=\"widget\" data-widget_type=\"image.default\">\n\t\t\t\t<div class=\"elementor-widget-container\">\n\t\t\t\t\t\t\t\t\t\t\t\t\t\t\t<img fetchpriority=\"high\" decoding=\"async\" width=\"800\" height=\"534\" src=\"https:\/\/www.hotel-aletsch.ch\/wp-content\/uploads\/2024\/07\/Hotel-Aletsch-Terrasse-24-7-14-7-1024x683.jpg\" class=\"attachment-large size-large wp-image-2446\" alt=\"\" srcset=\"https:\/\/www.hotel-aletsch.ch\/wp-content\/uploads\/2024\/07\/Hotel-Aletsch-Terrasse-24-7-14-7-1024x683.jpg 1024w, https:\/\/www.hotel-aletsch.ch\/wp-content\/uploads\/2024\/07\/Hotel-Aletsch-Terrasse-24-7-14-7-300x200.jpg 300w, https:\/\/www.hotel-aletsch.ch\/wp-content\/uploads\/2024\/07\/Hotel-Aletsch-Terrasse-24-7-14-7-768x512.jpg 768w, https:\/\/www.hotel-aletsch.ch\/wp-content\/uploads\/2024\/07\/Hotel-Aletsch-Terrasse-24-7-14-7-1536x1024.jpg 1536w, https:\/\/www.hotel-aletsch.ch\/wp-content\/uploads\/2024\/07\/Hotel-Aletsch-Terrasse-24-7-14-7-2048x1365.jpg 2048w\" sizes=\"(max-width: 800px) 100vw, 800px\" \/>\t\t\t\t\t\t\t\t\t\t\t\t\t\t\t<\/div>\n\t\t\t\t<\/div>\n\t\t\t\t\t<\/div>\n\t\t<\/div>\n\t\t\t\t<div class=\"elementor-column elementor-col-25 elementor-top-column elementor-element elementor-element-6611573\" data-id=\"6611573\" data-element_type=\"column\" data-e-type=\"column\">\n\t\t\t<div class=\"elementor-widget-wrap elementor-element-populated\">\n\t\t\t\t\t\t<div class=\"elementor-element elementor-element-3ca0444 elementor-widget elementor-widget-image\" data-id=\"3ca0444\" data-element_type=\"widget\" data-e-type=\"widget\" data-widget_type=\"image.default\">\n\t\t\t\t<div class=\"elementor-widget-container\">\n\t\t\t\t\t\t\t\t\t\t\t\t\t\t\t<img decoding=\"async\" width=\"800\" height=\"534\" src=\"https:\/\/www.hotel-aletsch.ch\/wp-content\/uploads\/2024\/07\/DSC_3354-1-1024x683.jpg\" class=\"attachment-large size-large wp-image-2432\" alt=\"\" srcset=\"https:\/\/www.hotel-aletsch.ch\/wp-content\/uploads\/2024\/07\/DSC_3354-1-1024x683.jpg 1024w, https:\/\/www.hotel-aletsch.ch\/wp-content\/uploads\/2024\/07\/DSC_3354-1-300x200.jpg 300w, https:\/\/www.hotel-aletsch.ch\/wp-content\/uploads\/2024\/07\/DSC_3354-1-768x512.jpg 768w, https:\/\/www.hotel-aletsch.ch\/wp-content\/uploads\/2024\/07\/DSC_3354-1-1536x1024.jpg 1536w, https:\/\/www.hotel-aletsch.ch\/wp-content\/uploads\/2024\/07\/DSC_3354-1-2048x1365.jpg 2048w\" sizes=\"(max-width: 800px) 100vw, 800px\" \/>\t\t\t\t\t\t\t\t\t\t\t\t\t\t\t<\/div>\n\t\t\t\t<\/div>\n\t\t\t\t\t<\/div>\n\t\t<\/div>\n\t\t\t\t<div class=\"elementor-column elementor-col-25 elementor-top-column elementor-element elementor-element-4c78b48\" data-id=\"4c78b48\" data-element_type=\"column\" data-e-type=\"column\">\n\t\t\t<div class=\"elementor-widget-wrap elementor-element-populated\">\n\t\t\t\t\t\t<div class=\"elementor-element elementor-element-1c073c9 elementor-widget elementor-widget-image\" data-id=\"1c073c9\" data-element_type=\"widget\" data-e-type=\"widget\" data-widget_type=\"image.default\">\n\t\t\t\t<div class=\"elementor-widget-container\">\n\t\t\t\t\t\t\t\t\t\t\t\t\t\t\t<img decoding=\"async\" width=\"800\" height=\"534\" src=\"https:\/\/www.hotel-aletsch.ch\/wp-content\/uploads\/2024\/07\/Hotel-Aletsch-Terrasse-24-7-14-19-1024x683.jpg\" class=\"attachment-large size-large wp-image-2468\" alt=\"\" srcset=\"https:\/\/www.hotel-aletsch.ch\/wp-content\/uploads\/2024\/07\/Hotel-Aletsch-Terrasse-24-7-14-19-1024x683.jpg 1024w, https:\/\/www.hotel-aletsch.ch\/wp-content\/uploads\/2024\/07\/Hotel-Aletsch-Terrasse-24-7-14-19-300x200.jpg 300w, https:\/\/www.hotel-aletsch.ch\/wp-content\/uploads\/2024\/07\/Hotel-Aletsch-Terrasse-24-7-14-19-768x512.jpg 768w, https:\/\/www.hotel-aletsch.ch\/wp-content\/uploads\/2024\/07\/Hotel-Aletsch-Terrasse-24-7-14-19-1536x1024.jpg 1536w, https:\/\/www.hotel-aletsch.ch\/wp-content\/uploads\/2024\/07\/Hotel-Aletsch-Terrasse-24-7-14-19-2048x1365.jpg 2048w\" sizes=\"(max-width: 800px) 100vw, 800px\" \/>\t\t\t\t\t\t\t\t\t\t\t\t\t\t\t<\/div>\n\t\t\t\t<\/div>\n\t\t\t\t\t<\/div>\n\t\t<\/div>\n\t\t\t\t<div class=\"elementor-column elementor-col-25 elementor-top-column elementor-element elementor-element-91e5bf7\" data-id=\"91e5bf7\" data-element_type=\"column\" data-e-type=\"column\">\n\t\t\t<div class=\"elementor-widget-wrap elementor-element-populated\">\n\t\t\t\t\t\t<div class=\"elementor-element elementor-element-0f7b943 elementor-widget elementor-widget-image\" data-id=\"0f7b943\" data-element_type=\"widget\" data-e-type=\"widget\" data-widget_type=\"image.default\">\n\t\t\t\t<div class=\"elementor-widget-container\">\n\t\t\t\t\t\t\t\t\t\t\t\t\t\t\t<img loading=\"lazy\" decoding=\"async\" width=\"800\" height=\"534\" src=\"https:\/\/www.hotel-aletsch.ch\/wp-content\/uploads\/2024\/07\/Hotel-Aletsch-Terrasse-24-7-14-11-1024x683.jpg\" class=\"attachment-large size-large wp-image-2452\" alt=\"\" srcset=\"https:\/\/www.hotel-aletsch.ch\/wp-content\/uploads\/2024\/07\/Hotel-Aletsch-Terrasse-24-7-14-11-1024x683.jpg 1024w, https:\/\/www.hotel-aletsch.ch\/wp-content\/uploads\/2024\/07\/Hotel-Aletsch-Terrasse-24-7-14-11-300x200.jpg 300w, https:\/\/www.hotel-aletsch.ch\/wp-content\/uploads\/2024\/07\/Hotel-Aletsch-Terrasse-24-7-14-11-768x512.jpg 768w, https:\/\/www.hotel-aletsch.ch\/wp-content\/uploads\/2024\/07\/Hotel-Aletsch-Terrasse-24-7-14-11-1536x1024.jpg 1536w, https:\/\/www.hotel-aletsch.ch\/wp-content\/uploads\/2024\/07\/Hotel-Aletsch-Terrasse-24-7-14-11-2048x1365.jpg 2048w\" sizes=\"(max-width: 800px) 100vw, 800px\" \/>\t\t\t\t\t\t\t\t\t\t\t\t\t\t\t<\/div>\n\t\t\t\t<\/div>\n\t\t\t\t\t<\/div>\n\t\t<\/div>\n\t\t\t\t\t<\/div>\n\t\t<\/section>\n\t\t\t\t<\/div>\n\t\t","protected":false},"excerpt":{"rendered":"<p>Previous slide Next slide Terrasse Savourer avec une vue panoramique Qui ne conna\u00eet pas le Cervin ? Notre terrasse offre une vue magnifique sur cet embl\u00e8me de la Suisse et sur le plus haut sommet des Alpes, le Dom. Et si vous avez faim en la regardant, ce n&rsquo;est certainement pas seulement parce que le [&hellip;]<\/p>\n","protected":false},"author":1,"featured_media":0,"parent":0,"menu_order":0,"comment_status":"closed","ping_status":"closed","template":"","meta":{"_acf_changed":false,"footnotes":""},"class_list":["post-2689","page","type-page","status-publish","hentry"],"acf":[],"yoast_head":"<!-- This site is optimized with the Yoast SEO plugin v27.3 - https:\/\/yoast.com\/product\/yoast-seo-wordpress\/ -->\n<title>Terrasse - Hotel Aletsch Bettmeralp<\/title>\n<meta name=\"description\" content=\"La terrasse de l&#039;h\u00f4tel Aletsch sur la Bettmeralp offre une vue magnifique sur l&#039;embl\u00e8me de la Suisse et la plus haute montagne des Alpes - le Cervin.\" \/>\n<meta name=\"robots\" content=\"index, follow, max-snippet:-1, max-image-preview:large, max-video-preview:-1\" \/>\n<link rel=\"canonical\" href=\"https:\/\/www.hotel-aletsch.ch\/fr\/terrasse\/\" \/>\n<meta property=\"og:locale\" content=\"fr_FR\" \/>\n<meta property=\"og:type\" content=\"article\" \/>\n<meta property=\"og:title\" content=\"Terrasse - Hotel Aletsch Bettmeralp\" \/>\n<meta property=\"og:description\" content=\"La terrasse de l&#039;h\u00f4tel Aletsch sur la Bettmeralp offre une vue magnifique sur l&#039;embl\u00e8me de la Suisse et la plus haute montagne des Alpes - le Cervin.\" \/>\n<meta property=\"og:url\" content=\"https:\/\/www.hotel-aletsch.ch\/fr\/terrasse\/\" \/>\n<meta property=\"og:site_name\" content=\"Hotel Aletsch Bettmeralp\" \/>\n<meta property=\"article:modified_time\" content=\"2024-11-07T17:13:23+00:00\" \/>\n<meta property=\"og:image\" content=\"https:\/\/www.hotel-aletsch.ch\/wp-content\/uploads\/2024\/07\/Hotel-Aletsch-Terrasse-24-7-14-7-scaled.jpg\" \/>\n\t<meta property=\"og:image:width\" content=\"2560\" \/>\n\t<meta property=\"og:image:height\" content=\"1707\" \/>\n\t<meta property=\"og:image:type\" content=\"image\/jpeg\" \/>\n<meta name=\"twitter:card\" content=\"summary_large_image\" \/>\n<script type=\"application\/ld+json\" class=\"yoast-schema-graph\">{\"@context\":\"https:\\\/\\\/schema.org\",\"@graph\":[{\"@type\":\"WebPage\",\"@id\":\"https:\\\/\\\/www.hotel-aletsch.ch\\\/fr\\\/terrasse\\\/\",\"url\":\"https:\\\/\\\/www.hotel-aletsch.ch\\\/fr\\\/terrasse\\\/\",\"name\":\"Terrasse - Hotel Aletsch Bettmeralp\",\"isPartOf\":{\"@id\":\"https:\\\/\\\/www.hotel-aletsch.ch\\\/#website\"},\"primaryImageOfPage\":{\"@id\":\"https:\\\/\\\/www.hotel-aletsch.ch\\\/fr\\\/terrasse\\\/#primaryimage\"},\"image\":{\"@id\":\"https:\\\/\\\/www.hotel-aletsch.ch\\\/fr\\\/terrasse\\\/#primaryimage\"},\"thumbnailUrl\":\"https:\\\/\\\/www.hotel-aletsch.ch\\\/wp-content\\\/uploads\\\/2024\\\/07\\\/Hotel-Aletsch-Terrasse-24-7-14-7-1024x683.jpg\",\"datePublished\":\"2022-12-16T15:57:59+00:00\",\"dateModified\":\"2024-11-07T17:13:23+00:00\",\"description\":\"La terrasse de l'h\u00f4tel Aletsch sur la Bettmeralp offre une vue magnifique sur l'embl\u00e8me de la Suisse et la plus haute montagne des Alpes - le Cervin.\",\"breadcrumb\":{\"@id\":\"https:\\\/\\\/www.hotel-aletsch.ch\\\/fr\\\/terrasse\\\/#breadcrumb\"},\"inLanguage\":\"fr-FR\",\"potentialAction\":[{\"@type\":\"ReadAction\",\"target\":[\"https:\\\/\\\/www.hotel-aletsch.ch\\\/fr\\\/terrasse\\\/\"]}]},{\"@type\":\"ImageObject\",\"inLanguage\":\"fr-FR\",\"@id\":\"https:\\\/\\\/www.hotel-aletsch.ch\\\/fr\\\/terrasse\\\/#primaryimage\",\"url\":\"https:\\\/\\\/www.hotel-aletsch.ch\\\/wp-content\\\/uploads\\\/2024\\\/07\\\/Hotel-Aletsch-Terrasse-24-7-14-7-1024x683.jpg\",\"contentUrl\":\"https:\\\/\\\/www.hotel-aletsch.ch\\\/wp-content\\\/uploads\\\/2024\\\/07\\\/Hotel-Aletsch-Terrasse-24-7-14-7-1024x683.jpg\"},{\"@type\":\"BreadcrumbList\",\"@id\":\"https:\\\/\\\/www.hotel-aletsch.ch\\\/fr\\\/terrasse\\\/#breadcrumb\",\"itemListElement\":[{\"@type\":\"ListItem\",\"position\":1,\"name\":\"Startseite\",\"item\":\"https:\\\/\\\/www.hotel-aletsch.ch\\\/fr\\\/home\\\/\"},{\"@type\":\"ListItem\",\"position\":2,\"name\":\"Terrasse\"}]},{\"@type\":\"WebSite\",\"@id\":\"https:\\\/\\\/www.hotel-aletsch.ch\\\/#website\",\"url\":\"https:\\\/\\\/www.hotel-aletsch.ch\\\/\",\"name\":\"Hotel Aletsch Bettmeralp\",\"description\":\"\",\"publisher\":{\"@id\":\"https:\\\/\\\/www.hotel-aletsch.ch\\\/#organization\"},\"potentialAction\":[{\"@type\":\"SearchAction\",\"target\":{\"@type\":\"EntryPoint\",\"urlTemplate\":\"https:\\\/\\\/www.hotel-aletsch.ch\\\/?s={search_term_string}\"},\"query-input\":{\"@type\":\"PropertyValueSpecification\",\"valueRequired\":true,\"valueName\":\"search_term_string\"}}],\"inLanguage\":\"fr-FR\"},{\"@type\":\"Organization\",\"@id\":\"https:\\\/\\\/www.hotel-aletsch.ch\\\/#organization\",\"name\":\"Hotel Aletsch Bettmeralp\",\"url\":\"https:\\\/\\\/www.hotel-aletsch.ch\\\/\",\"logo\":{\"@type\":\"ImageObject\",\"inLanguage\":\"fr-FR\",\"@id\":\"https:\\\/\\\/www.hotel-aletsch.ch\\\/#\\\/schema\\\/logo\\\/image\\\/\",\"url\":\"https:\\\/\\\/www.hotel-aletsch.ch\\\/wp-content\\\/uploads\\\/2024\\\/06\\\/Logo-Hotel-Restaurant-Aletsch-negative.svg\",\"contentUrl\":\"https:\\\/\\\/www.hotel-aletsch.ch\\\/wp-content\\\/uploads\\\/2024\\\/06\\\/Logo-Hotel-Restaurant-Aletsch-negative.svg\",\"width\":1701,\"height\":631,\"caption\":\"Hotel Aletsch Bettmeralp\"},\"image\":{\"@id\":\"https:\\\/\\\/www.hotel-aletsch.ch\\\/#\\\/schema\\\/logo\\\/image\\\/\"}}]}<\/script>\n<!-- \/ Yoast SEO plugin. -->","yoast_head_json":{"title":"Terrasse - Hotel Aletsch Bettmeralp","description":"La terrasse de l'h\u00f4tel Aletsch sur la Bettmeralp offre une vue magnifique sur l'embl\u00e8me de la Suisse et la plus haute montagne des Alpes - le Cervin.","robots":{"index":"index","follow":"follow","max-snippet":"max-snippet:-1","max-image-preview":"max-image-preview:large","max-video-preview":"max-video-preview:-1"},"canonical":"https:\/\/www.hotel-aletsch.ch\/fr\/terrasse\/","og_locale":"fr_FR","og_type":"article","og_title":"Terrasse - Hotel Aletsch Bettmeralp","og_description":"La terrasse de l'h\u00f4tel Aletsch sur la Bettmeralp offre une vue magnifique sur l'embl\u00e8me de la Suisse et la plus haute montagne des Alpes - le Cervin.","og_url":"https:\/\/www.hotel-aletsch.ch\/fr\/terrasse\/","og_site_name":"Hotel Aletsch Bettmeralp","article_modified_time":"2024-11-07T17:13:23+00:00","og_image":[{"width":2560,"height":1707,"url":"https:\/\/www.hotel-aletsch.ch\/wp-content\/uploads\/2024\/07\/Hotel-Aletsch-Terrasse-24-7-14-7-scaled.jpg","type":"image\/jpeg"}],"twitter_card":"summary_large_image","schema":{"@context":"https:\/\/schema.org","@graph":[{"@type":"WebPage","@id":"https:\/\/www.hotel-aletsch.ch\/fr\/terrasse\/","url":"https:\/\/www.hotel-aletsch.ch\/fr\/terrasse\/","name":"Terrasse - Hotel Aletsch Bettmeralp","isPartOf":{"@id":"https:\/\/www.hotel-aletsch.ch\/#website"},"primaryImageOfPage":{"@id":"https:\/\/www.hotel-aletsch.ch\/fr\/terrasse\/#primaryimage"},"image":{"@id":"https:\/\/www.hotel-aletsch.ch\/fr\/terrasse\/#primaryimage"},"thumbnailUrl":"https:\/\/www.hotel-aletsch.ch\/wp-content\/uploads\/2024\/07\/Hotel-Aletsch-Terrasse-24-7-14-7-1024x683.jpg","datePublished":"2022-12-16T15:57:59+00:00","dateModified":"2024-11-07T17:13:23+00:00","description":"La terrasse de l'h\u00f4tel Aletsch sur la Bettmeralp offre une vue magnifique sur l'embl\u00e8me de la Suisse et la plus haute montagne des Alpes - le Cervin.","breadcrumb":{"@id":"https:\/\/www.hotel-aletsch.ch\/fr\/terrasse\/#breadcrumb"},"inLanguage":"fr-FR","potentialAction":[{"@type":"ReadAction","target":["https:\/\/www.hotel-aletsch.ch\/fr\/terrasse\/"]}]},{"@type":"ImageObject","inLanguage":"fr-FR","@id":"https:\/\/www.hotel-aletsch.ch\/fr\/terrasse\/#primaryimage","url":"https:\/\/www.hotel-aletsch.ch\/wp-content\/uploads\/2024\/07\/Hotel-Aletsch-Terrasse-24-7-14-7-1024x683.jpg","contentUrl":"https:\/\/www.hotel-aletsch.ch\/wp-content\/uploads\/2024\/07\/Hotel-Aletsch-Terrasse-24-7-14-7-1024x683.jpg"},{"@type":"BreadcrumbList","@id":"https:\/\/www.hotel-aletsch.ch\/fr\/terrasse\/#breadcrumb","itemListElement":[{"@type":"ListItem","position":1,"name":"Startseite","item":"https:\/\/www.hotel-aletsch.ch\/fr\/home\/"},{"@type":"ListItem","position":2,"name":"Terrasse"}]},{"@type":"WebSite","@id":"https:\/\/www.hotel-aletsch.ch\/#website","url":"https:\/\/www.hotel-aletsch.ch\/","name":"Hotel Aletsch Bettmeralp","description":"","publisher":{"@id":"https:\/\/www.hotel-aletsch.ch\/#organization"},"potentialAction":[{"@type":"SearchAction","target":{"@type":"EntryPoint","urlTemplate":"https:\/\/www.hotel-aletsch.ch\/?s={search_term_string}"},"query-input":{"@type":"PropertyValueSpecification","valueRequired":true,"valueName":"search_term_string"}}],"inLanguage":"fr-FR"},{"@type":"Organization","@id":"https:\/\/www.hotel-aletsch.ch\/#organization","name":"Hotel Aletsch Bettmeralp","url":"https:\/\/www.hotel-aletsch.ch\/","logo":{"@type":"ImageObject","inLanguage":"fr-FR","@id":"https:\/\/www.hotel-aletsch.ch\/#\/schema\/logo\/image\/","url":"https:\/\/www.hotel-aletsch.ch\/wp-content\/uploads\/2024\/06\/Logo-Hotel-Restaurant-Aletsch-negative.svg","contentUrl":"https:\/\/www.hotel-aletsch.ch\/wp-content\/uploads\/2024\/06\/Logo-Hotel-Restaurant-Aletsch-negative.svg","width":1701,"height":631,"caption":"Hotel Aletsch Bettmeralp"},"image":{"@id":"https:\/\/www.hotel-aletsch.ch\/#\/schema\/logo\/image\/"}}]}},"_links":{"self":[{"href":"https:\/\/www.hotel-aletsch.ch\/fr\/wp-json\/wp\/v2\/pages\/2689","targetHints":{"allow":["GET"]}}],"collection":[{"href":"https:\/\/www.hotel-aletsch.ch\/fr\/wp-json\/wp\/v2\/pages"}],"about":[{"href":"https:\/\/www.hotel-aletsch.ch\/fr\/wp-json\/wp\/v2\/types\/page"}],"author":[{"embeddable":true,"href":"https:\/\/www.hotel-aletsch.ch\/fr\/wp-json\/wp\/v2\/users\/1"}],"replies":[{"embeddable":true,"href":"https:\/\/www.hotel-aletsch.ch\/fr\/wp-json\/wp\/v2\/comments?post=2689"}],"version-history":[{"count":1,"href":"https:\/\/www.hotel-aletsch.ch\/fr\/wp-json\/wp\/v2\/pages\/2689\/revisions"}],"predecessor-version":[{"id":2690,"href":"https:\/\/www.hotel-aletsch.ch\/fr\/wp-json\/wp\/v2\/pages\/2689\/revisions\/2690"}],"wp:attachment":[{"href":"https:\/\/www.hotel-aletsch.ch\/fr\/wp-json\/wp\/v2\/media?parent=2689"}],"curies":[{"name":"wp","href":"https:\/\/api.w.org\/{rel}","templated":true}]}}