{"id":2695,"date":"2022-12-16T23:37:18","date_gmt":"2022-12-16T23:37:18","guid":{"rendered":"https:\/\/www.hotel-aletsch.ch\/prix\/"},"modified":"2025-08-05T06:54:40","modified_gmt":"2025-08-05T06:54:40","slug":"prix","status":"publish","type":"page","link":"https:\/\/www.hotel-aletsch.ch\/fr\/prix\/","title":{"rendered":"Prix"},"content":{"rendered":"\t\t<div data-elementor-type=\"wp-page\" data-elementor-id=\"2695\" class=\"elementor elementor-2695 elementor-969\" data-elementor-post-type=\"page\">\n\t\t\t\t\t\t<section class=\"elementor-section elementor-top-section elementor-element elementor-element-ce3716e elementor-section-full_width elementor-section-content-middle fullscreenslider elementor-section-height-default elementor-section-height-default\" data-id=\"ce3716e\" data-element_type=\"section\" data-e-type=\"section\">\n\t\t\t\t\t\t<div class=\"elementor-container elementor-column-gap-default\">\n\t\t\t\t\t<div class=\"elementor-column elementor-col-100 elementor-top-column elementor-element elementor-element-d88a14f\" data-id=\"d88a14f\" data-element_type=\"column\" data-e-type=\"column\">\n\t\t\t<div class=\"elementor-widget-wrap elementor-element-populated\">\n\t\t\t\t\t\t<div class=\"elementor-element elementor-element-6ab41af mainslider elementor--h-position-center elementor--v-position-middle elementor-arrows-position-inside elementor-pagination-position-inside elementor-widget elementor-widget-slides\" data-id=\"6ab41af\" data-element_type=\"widget\" data-e-type=\"widget\" data-settings=\"{&quot;navigation&quot;:&quot;both&quot;,&quot;autoplay&quot;:&quot;yes&quot;,&quot;pause_on_hover&quot;:&quot;yes&quot;,&quot;pause_on_interaction&quot;:&quot;yes&quot;,&quot;autoplay_speed&quot;:5000,&quot;infinite&quot;:&quot;yes&quot;,&quot;transition&quot;:&quot;slide&quot;,&quot;transition_speed&quot;:500}\" data-widget_type=\"slides.default\">\n\t\t\t\t<div class=\"elementor-widget-container\">\n\t\t\t\t\t\t\t\t\t<div class=\"elementor-swiper\">\n\t\t\t\t\t<div class=\"elementor-slides-wrapper elementor-main-swiper swiper\" role=\"region\" aria-roledescription=\"carousel\" aria-label=\"Diapositives\" dir=\"ltr\" data-animation=\"fadeInUp\">\n\t\t\t\t<div class=\"swiper-wrapper elementor-slides\">\n\t\t\t\t\t\t\t\t\t\t<div class=\"elementor-repeater-item-166833f swiper-slide\" role=\"group\" aria-roledescription=\"slide\"><div class=\"swiper-slide-bg elementor-ken-burns elementor-ken-burns--in\" role=\"img\" aria-label=\"Hotel-Aletsch-Bettmeralp-Preise-1\"><\/div><div class=\"elementor-background-overlay\"><\/div><div class=\"swiper-slide-inner\" ><div class=\"swiper-slide-contents\"><\/div><\/div><\/div><div class=\"elementor-repeater-item-8062d3f swiper-slide\" role=\"group\" aria-roledescription=\"slide\"><div class=\"swiper-slide-bg elementor-ken-burns elementor-ken-burns--in\" role=\"img\" aria-label=\"Hotel-Aletsch-Bettmeralp-Preise-2\"><\/div><div class=\"elementor-background-overlay\"><\/div><div class=\"swiper-slide-inner\" ><div class=\"swiper-slide-contents\"><\/div><\/div><\/div><div class=\"elementor-repeater-item-de32911 swiper-slide\" role=\"group\" aria-roledescription=\"slide\"><div class=\"swiper-slide-bg elementor-ken-burns elementor-ken-burns--in\" role=\"img\" aria-label=\"Hotel-Aletsch-Bettmeralp-Preise-3\"><\/div><div class=\"elementor-background-overlay\"><\/div><div class=\"swiper-slide-inner\" ><div class=\"swiper-slide-contents\"><\/div><\/div><\/div>\t\t\t\t<\/div>\n\t\t\t\t\t\t\t\t\t\t\t\t\t\t\t<div class=\"elementor-swiper-button elementor-swiper-button-prev\" role=\"button\" tabindex=\"0\" aria-label=\"Diapositive pr\u00e9c\u00e9dente\">\n\t\t\t\t\t\t\t<i aria-hidden=\"true\" class=\"eicon-chevron-left\"><\/i>\t\t\t\t\t\t<\/div>\n\t\t\t\t\t\t<div class=\"elementor-swiper-button elementor-swiper-button-next\" role=\"button\" tabindex=\"0\" aria-label=\"Diapositive suivante\">\n\t\t\t\t\t\t\t<i aria-hidden=\"true\" class=\"eicon-chevron-right\"><\/i>\t\t\t\t\t\t<\/div>\n\t\t\t\t\t\t\t\t\t\t\t\t\t\t\t\t<div class=\"swiper-pagination\"><\/div>\n\t\t\t\t\t\t\t\t\t\t\t\t<\/div>\n\t\t\t\t<\/div>\n\t\t\t\t\t\t\t\t<\/div>\n\t\t\t\t<\/div>\n\t\t\t\t\t<\/div>\n\t\t<\/div>\n\t\t\t\t\t<\/div>\n\t\t<\/section>\n\t\t\t\t<section class=\"elementor-section elementor-top-section elementor-element elementor-element-2e7e2b54 m-space r-section elementor-section-boxed elementor-section-height-default elementor-section-height-default\" data-id=\"2e7e2b54\" data-element_type=\"section\" data-e-type=\"section\">\n\t\t\t\t\t\t<div class=\"elementor-container elementor-column-gap-default\">\n\t\t\t\t\t<div class=\"elementor-column elementor-col-100 elementor-top-column elementor-element elementor-element-3783a243\" data-id=\"3783a243\" data-element_type=\"column\" data-e-type=\"column\">\n\t\t\t<div class=\"elementor-widget-wrap elementor-element-populated\">\n\t\t\t\t\t\t<div class=\"elementor-element elementor-element-2bb45205 elementor-widget elementor-widget-heading\" data-id=\"2bb45205\" data-element_type=\"widget\" data-e-type=\"widget\" data-widget_type=\"heading.default\">\n\t\t\t\t<div class=\"elementor-widget-container\">\n\t\t\t\t\t<h1 class=\"elementor-heading-title elementor-size-default\">Prix<\/h1>\t\t\t\t<\/div>\n\t\t\t\t<\/div>\n\t\t\t\t<div class=\"elementor-element elementor-element-3ae73c4 elementor-widget elementor-widget-text-editor\" data-id=\"3ae73c4\" data-element_type=\"widget\" data-e-type=\"widget\" data-widget_type=\"text-editor.default\">\n\t\t\t\t<div class=\"elementor-widget-container\">\n\t\t\t\t\t\t\t\t\t<p>Bienvenue sur notre page de prix, o\u00f9 nous vous proposons un aper\u00e7u de nos cat\u00e9gories de chambres et de nos prix actuels. D\u00e9couvrez nos nombreuses options de chambres pour votre s\u00e9jour. <\/p>\n\t\t\t\t\t\t\t\t<\/div>\n\t\t\t\t<\/div>\n\t\t\t\t\t<\/div>\n\t\t<\/div>\n\t\t\t\t\t<\/div>\n\t\t<\/section>\n\t\t\t\t<section class=\"elementor-section elementor-top-section elementor-element elementor-element-930ffc0 r-section elementor-section-boxed elementor-section-height-default elementor-section-height-default\" data-id=\"930ffc0\" data-element_type=\"section\" data-e-type=\"section\">\n\t\t\t\t\t\t<div class=\"elementor-container elementor-column-gap-default\">\n\t\t\t\t\t<div class=\"elementor-column elementor-col-100 elementor-top-column elementor-element elementor-element-31b234f order-1\" data-id=\"31b234f\" data-element_type=\"column\" data-e-type=\"column\">\n\t\t\t<div class=\"elementor-widget-wrap elementor-element-populated\">\n\t\t\t\t\t\t<div class=\"elementor-element elementor-element-c7ffd3d elementor-widget elementor-widget-text-editor\" data-id=\"c7ffd3d\" data-element_type=\"widget\" data-e-type=\"widget\" data-widget_type=\"text-editor.default\">\n\t\t\t\t<div class=\"elementor-widget-container\">\n\t\t\t\t\t\t\t\t\t<h4>\u00c9t\u00e9 2025<\/h4><p>Le service, la taxe de s\u00e9jour et la TVA sont inclus dans les prix.<br \/>Chiens uniquement sur demande (pas dans toutes les chambres).<br \/>Utilisation du sauna, du bain de vapeur, de la douche \u00e9motionnelle et des chaises longues incluse dans les prix.<br \/>Entr\u00e9e \u00e0 la piscine (avec jacuzzi) du centre sportif Bachtla incluse dans le prix de la chambre.<\/p><p>Prix par personne et par nuit avec buffet de petit-d\u00e9jeuner, TVA et taxe de s\u00e9jour incluses.<\/p>\t\t\t\t\t\t\t\t<\/div>\n\t\t\t\t<\/div>\n\t\t\t\t<div class=\"elementor-element elementor-element-a09f2bd elementor-widget elementor-widget-text-editor\" data-id=\"a09f2bd\" data-element_type=\"widget\" data-e-type=\"widget\" data-widget_type=\"text-editor.default\">\n\t\t\t\t<div class=\"elementor-widget-container\">\n\t\t\t\t\t\t\t\t\t<h4>Prix<\/h4>\n<table>\n<tbody>\n<tr>\n<th colspan=\"0\">Cat A <\/th>\n<td>chambre double avec douche\/WC, coin salon, t\u00e9l\u00e9phone, radio, TV, c\u00f4t\u00e9 sud avec balcon<\/td>\n<td>CHF 95.-\/100.-<\/td>\n<\/tr>\n<tr>\n<th colspan=\"0\">Cat B<\/th>\n<td>Chambre double avec douche\/WC, t\u00e9l\u00e9phone, radio, TV, c\u00f4t\u00e9 sud avec balcon ou c\u00f4t\u00e9 nord sans balcon<\/td>\n<td>CHF 85.-\/90.-<\/td>\n<\/tr>\n<tr>\n<th colspan=\"0\">Cat C<\/th>\n<td>Chambre double avec douche\/WC, t\u00e9l\u00e9phone, radio\/TV, c\u00f4t\u00e9 nord<\/td>\n<td>CHF 70.-\/75.-<\/td>\n<\/tr>\n<tr>\n<th colspan=\"0\">Cat D<\/th>\n<td>Chambre individuelle avec douche\/WC, t\u00e9l\u00e9phone, radio, TV, c\u00f4t\u00e9 sud avec balcon<\/td>\n<td>CHF 95.-\/100.-<\/td>\n<\/tr>\n<tr>\n<th colspan=\"0\">Cat E<\/th>\n<td>Junior Suite avec douche\/WC, t\u00e9l\u00e9phone, radio, TV, coin salon, c\u00f4t\u00e9 ouest avec balcon<\/td>\n<td>CHF 110.-\/120.-<\/td>\n<\/tr>\n<tr>\n<th colspan=\"0\">Cat F<\/th>\n<td>\n<p>Chambre familiale avec chambre d&rsquo;enfant s\u00e9par\u00e9e (2 lits) avec douche\/WC, t\u00e9l\u00e9phone, radio, TV, coin salon, coin lecture, c\u00f4t\u00e9 ouest avec balcon.<br \/>Pour deux h\u00f4tes payant plein tarif, enfants jusqu&rsquo;\u00e0 4 ans gratuits, de 5 \u00e0 9 ans 50 % et de 10 \u00e0 14 ans 30 % de r\u00e9duction, pour autant qu&rsquo;ils n&rsquo;utilisent pas leur propre chambre.<\/p>\n<\/td>\n<td>CHF 110.-\/120.-<\/td>\n<\/tr>\n<tr>\n<th colspan=\"0\">Suppl\u00e9ment<\/th>\n<td>demi-pension par personne\/jour (\u00e0 partir de 3 jours)<\/td>\n<td>CHF 37.50<\/td>\n<\/tr>\n<\/tbody>\n<\/table>\n\t\t\t\t\t\t\t\t<\/div>\n\t\t\t\t<\/div>\n\t\t\t\t<div class=\"elementor-element elementor-element-6fa2b61 elementor-widget-divider--view-line elementor-widget elementor-widget-divider\" data-id=\"6fa2b61\" data-element_type=\"widget\" data-e-type=\"widget\" data-widget_type=\"divider.default\">\n\t\t\t\t<div class=\"elementor-widget-container\">\n\t\t\t\t\t\t\t<div class=\"elementor-divider\">\n\t\t\t<span class=\"elementor-divider-separator\">\n\t\t\t\t\t\t<\/span>\n\t\t<\/div>\n\t\t\t\t\t\t<\/div>\n\t\t\t\t<\/div>\n\t\t\t\t<div class=\"elementor-element elementor-element-d50faa8 elementor-widget elementor-widget-text-editor\" data-id=\"d50faa8\" data-element_type=\"widget\" data-e-type=\"widget\" data-widget_type=\"text-editor.default\">\n\t\t\t\t<div class=\"elementor-widget-container\">\n\t\t\t\t\t\t\t\t\t<h4>Hiver 2025 \/ 26<\/h4><p>Le service, la taxe de s\u00e9jour et la TVA sont inclus dans les prix.<br \/>Le transport des bagages s&rsquo;\u00e9l\u00e8ve \u00e0 CHF 30.- par chambre.<br \/>Chiens uniquement sur demande (pas dans toutes les chambres).<br \/>L&rsquo;utilisation du sauna, du bain de vapeur, de la douche \u00e9motionnelle et des chaises longues est comprise dans les prix.<br \/>Entr\u00e9e \u00e0 la piscine (avec jacuzzi) du centre sportif Bachtla incluse dans le prix de la chambre.<\/p><p>Prix par personne et par nuit avec buffet de petit-d\u00e9jeuner, TVA et taxe de s\u00e9jour incluses.<\/p>\t\t\t\t\t\t\t\t<\/div>\n\t\t\t\t<\/div>\n\t\t\t\t<div class=\"elementor-element elementor-element-f61a43f elementor-widget elementor-widget-text-editor\" data-id=\"f61a43f\" data-element_type=\"widget\" data-e-type=\"widget\" data-widget_type=\"text-editor.default\">\n\t\t\t\t<div class=\"elementor-widget-container\">\n\t\t\t\t\t\t\t\t\t<h4>Prix<\/h4>\n<table>\n<tbody>\n<tr>\n<th colspan=\"0\">Cat A<\/th>\n<td>chambre double avec douche\/WC, coin salon, t\u00e9l\u00e9phone, radio, TV, c\u00f4t\u00e9 sud avec balcon<\/td>\n<td>CHF 140.-\/150.-<\/td>\n<\/tr>\n<tr>\n<th colspan=\"0\">Cat B<\/th>\n<td>Chambre double avec douche\/WC, t\u00e9l\u00e9phone, radio, TV, c\u00f4t\u00e9 sud avec balcon ou c\u00f4t\u00e9 nord sans balcon<\/td>\n<td>CHF 130.-\/140.-<\/td>\n<\/tr>\n<tr>\n<th colspan=\"0\">Cat C<\/th>\n<td>Chambre double avec douche\/WC, t\u00e9l\u00e9phone, radio\/TV, c\u00f4t\u00e9 nord<\/td>\n<td>CHF 110.-\/120.-<\/td>\n<\/tr>\n<tr>\n<th colspan=\"0\">Cat D<\/th>\n<td>Chambre individuelle avec douche\/WC, t\u00e9l\u00e9phone, radio, TV, c\u00f4t\u00e9 sud avec balcon<\/td>\n<td>CHF 110.-\/120.-<\/td>\n<\/tr>\n<tr>\n<th colspan=\"0\">Cat E<\/th>\n<td>Junior Suite avec douche\/WC, t\u00e9l\u00e9phone, radio, TV, coin salon, c\u00f4t\u00e9 ouest avec balcon<\/td>\n<td>CHF 145.-\/155.-<\/td>\n<\/tr>\n<tr>\n<th colspan=\"0\">Cat F<\/th>\n<td>\n<p>Chambre familiale avec chambre d&rsquo;enfant s\u00e9par\u00e9e (2 lits) avec douche\/WC, t\u00e9l\u00e9phone, radio, TV, coin salon, coin lecture, c\u00f4t\u00e9 ouest avec balcon.<br \/>Pour deux h\u00f4tes payant plein tarif, enfants jusqu&rsquo;\u00e0 4 ans gratuits, de 5 \u00e0 9 ans 50 % et de 10 \u00e0 14 ans 30 % de r\u00e9duction, pour autant qu&rsquo;ils n&rsquo;utilisent pas leur propre chambre.<\/p>\n<\/td>\n<td>CHF 145.-\/155.-<\/td>\n<\/tr>\n<tr>\n<th colspan=\"0\">Suppl\u00e9ment<\/th>\n<td>Demi-pension par personne\/jour (\u00e0 partir de 3 jours)<\/td>\n<td>CHF 37.50<\/td>\n<\/tr>\n<\/tbody>\n<\/table>\n\t\t\t\t\t\t\t\t<\/div>\n\t\t\t\t<\/div>\n\t\t\t\t\t<\/div>\n\t\t<\/div>\n\t\t\t\t\t<\/div>\n\t\t<\/section>\n\t\t\t\t<\/div>\n\t\t","protected":false},"excerpt":{"rendered":"<p>Prix Bienvenue sur notre page de prix, o\u00f9 nous vous proposons un aper\u00e7u de nos cat\u00e9gories de chambres et de nos prix actuels. D\u00e9couvrez nos nombreuses options de chambres pour votre s\u00e9jour. \u00c9t\u00e9 2025 Le service, la taxe de s\u00e9jour et la TVA sont inclus dans les prix.Chiens uniquement sur demande (pas dans toutes les [&hellip;]<\/p>\n","protected":false},"author":1,"featured_media":0,"parent":0,"menu_order":0,"comment_status":"closed","ping_status":"closed","template":"","meta":{"_acf_changed":false,"footnotes":""},"class_list":["post-2695","page","type-page","status-publish","hentry"],"acf":[],"yoast_head":"<!-- This site is optimized with the Yoast SEO plugin v27.3 - https:\/\/yoast.com\/product\/yoast-seo-wordpress\/ -->\n<title>Prix - Hotel Aletsch Bettmeralp<\/title>\n<meta name=\"description\" content=\"Bienvenue sur notre page de prix, o\u00f9 nous vous proposons un aper\u00e7u de nos cat\u00e9gories de chambres et de nos prix actuels. D\u00e9couvrez nos nombreuses options de chambres pour votre s\u00e9jour.\" \/>\n<meta name=\"robots\" content=\"index, follow, max-snippet:-1, max-image-preview:large, max-video-preview:-1\" \/>\n<link rel=\"canonical\" href=\"https:\/\/www.hotel-aletsch.ch\/fr\/prix\/\" \/>\n<meta property=\"og:locale\" content=\"fr_FR\" \/>\n<meta property=\"og:type\" content=\"article\" \/>\n<meta property=\"og:title\" content=\"Prix - Hotel Aletsch Bettmeralp\" \/>\n<meta property=\"og:description\" content=\"Bienvenue sur notre page de prix, o\u00f9 nous vous proposons un aper\u00e7u de nos cat\u00e9gories de chambres et de nos prix actuels. D\u00e9couvrez nos nombreuses options de chambres pour votre s\u00e9jour.\" \/>\n<meta property=\"og:url\" content=\"https:\/\/www.hotel-aletsch.ch\/fr\/prix\/\" \/>\n<meta property=\"og:site_name\" content=\"Hotel Aletsch Bettmeralp\" \/>\n<meta property=\"article:modified_time\" content=\"2025-08-05T06:54:40+00:00\" \/>\n<meta name=\"twitter:card\" content=\"summary_large_image\" \/>\n<meta name=\"twitter:label1\" content=\"Dur\u00e9e de lecture estim\u00e9e\" \/>\n\t<meta name=\"twitter:data1\" content=\"3 minutes\" \/>\n<script type=\"application\/ld+json\" class=\"yoast-schema-graph\">{\"@context\":\"https:\\\/\\\/schema.org\",\"@graph\":[{\"@type\":\"WebPage\",\"@id\":\"https:\\\/\\\/www.hotel-aletsch.ch\\\/fr\\\/prix\\\/\",\"url\":\"https:\\\/\\\/www.hotel-aletsch.ch\\\/fr\\\/prix\\\/\",\"name\":\"Prix - Hotel Aletsch Bettmeralp\",\"isPartOf\":{\"@id\":\"https:\\\/\\\/www.hotel-aletsch.ch\\\/#website\"},\"datePublished\":\"2022-12-16T23:37:18+00:00\",\"dateModified\":\"2025-08-05T06:54:40+00:00\",\"description\":\"Bienvenue sur notre page de prix, o\u00f9 nous vous proposons un aper\u00e7u de nos cat\u00e9gories de chambres et de nos prix actuels. D\u00e9couvrez nos nombreuses options de chambres pour votre s\u00e9jour.\",\"breadcrumb\":{\"@id\":\"https:\\\/\\\/www.hotel-aletsch.ch\\\/fr\\\/prix\\\/#breadcrumb\"},\"inLanguage\":\"fr-FR\",\"potentialAction\":[{\"@type\":\"ReadAction\",\"target\":[\"https:\\\/\\\/www.hotel-aletsch.ch\\\/fr\\\/prix\\\/\"]}]},{\"@type\":\"BreadcrumbList\",\"@id\":\"https:\\\/\\\/www.hotel-aletsch.ch\\\/fr\\\/prix\\\/#breadcrumb\",\"itemListElement\":[{\"@type\":\"ListItem\",\"position\":1,\"name\":\"Startseite\",\"item\":\"https:\\\/\\\/www.hotel-aletsch.ch\\\/fr\\\/home\\\/\"},{\"@type\":\"ListItem\",\"position\":2,\"name\":\"Prix\"}]},{\"@type\":\"WebSite\",\"@id\":\"https:\\\/\\\/www.hotel-aletsch.ch\\\/#website\",\"url\":\"https:\\\/\\\/www.hotel-aletsch.ch\\\/\",\"name\":\"Hotel Aletsch Bettmeralp\",\"description\":\"\",\"publisher\":{\"@id\":\"https:\\\/\\\/www.hotel-aletsch.ch\\\/#organization\"},\"potentialAction\":[{\"@type\":\"SearchAction\",\"target\":{\"@type\":\"EntryPoint\",\"urlTemplate\":\"https:\\\/\\\/www.hotel-aletsch.ch\\\/?s={search_term_string}\"},\"query-input\":{\"@type\":\"PropertyValueSpecification\",\"valueRequired\":true,\"valueName\":\"search_term_string\"}}],\"inLanguage\":\"fr-FR\"},{\"@type\":\"Organization\",\"@id\":\"https:\\\/\\\/www.hotel-aletsch.ch\\\/#organization\",\"name\":\"Hotel Aletsch Bettmeralp\",\"url\":\"https:\\\/\\\/www.hotel-aletsch.ch\\\/\",\"logo\":{\"@type\":\"ImageObject\",\"inLanguage\":\"fr-FR\",\"@id\":\"https:\\\/\\\/www.hotel-aletsch.ch\\\/#\\\/schema\\\/logo\\\/image\\\/\",\"url\":\"https:\\\/\\\/www.hotel-aletsch.ch\\\/wp-content\\\/uploads\\\/2024\\\/06\\\/Logo-Hotel-Restaurant-Aletsch-negative.svg\",\"contentUrl\":\"https:\\\/\\\/www.hotel-aletsch.ch\\\/wp-content\\\/uploads\\\/2024\\\/06\\\/Logo-Hotel-Restaurant-Aletsch-negative.svg\",\"width\":1701,\"height\":631,\"caption\":\"Hotel Aletsch Bettmeralp\"},\"image\":{\"@id\":\"https:\\\/\\\/www.hotel-aletsch.ch\\\/#\\\/schema\\\/logo\\\/image\\\/\"}}]}<\/script>\n<!-- \/ Yoast SEO plugin. -->","yoast_head_json":{"title":"Prix - Hotel Aletsch Bettmeralp","description":"Bienvenue sur notre page de prix, o\u00f9 nous vous proposons un aper\u00e7u de nos cat\u00e9gories de chambres et de nos prix actuels. D\u00e9couvrez nos nombreuses options de chambres pour votre s\u00e9jour.","robots":{"index":"index","follow":"follow","max-snippet":"max-snippet:-1","max-image-preview":"max-image-preview:large","max-video-preview":"max-video-preview:-1"},"canonical":"https:\/\/www.hotel-aletsch.ch\/fr\/prix\/","og_locale":"fr_FR","og_type":"article","og_title":"Prix - Hotel Aletsch Bettmeralp","og_description":"Bienvenue sur notre page de prix, o\u00f9 nous vous proposons un aper\u00e7u de nos cat\u00e9gories de chambres et de nos prix actuels. D\u00e9couvrez nos nombreuses options de chambres pour votre s\u00e9jour.","og_url":"https:\/\/www.hotel-aletsch.ch\/fr\/prix\/","og_site_name":"Hotel Aletsch Bettmeralp","article_modified_time":"2025-08-05T06:54:40+00:00","twitter_card":"summary_large_image","twitter_misc":{"Dur\u00e9e de lecture estim\u00e9e":"3 minutes"},"schema":{"@context":"https:\/\/schema.org","@graph":[{"@type":"WebPage","@id":"https:\/\/www.hotel-aletsch.ch\/fr\/prix\/","url":"https:\/\/www.hotel-aletsch.ch\/fr\/prix\/","name":"Prix - Hotel Aletsch Bettmeralp","isPartOf":{"@id":"https:\/\/www.hotel-aletsch.ch\/#website"},"datePublished":"2022-12-16T23:37:18+00:00","dateModified":"2025-08-05T06:54:40+00:00","description":"Bienvenue sur notre page de prix, o\u00f9 nous vous proposons un aper\u00e7u de nos cat\u00e9gories de chambres et de nos prix actuels. D\u00e9couvrez nos nombreuses options de chambres pour votre s\u00e9jour.","breadcrumb":{"@id":"https:\/\/www.hotel-aletsch.ch\/fr\/prix\/#breadcrumb"},"inLanguage":"fr-FR","potentialAction":[{"@type":"ReadAction","target":["https:\/\/www.hotel-aletsch.ch\/fr\/prix\/"]}]},{"@type":"BreadcrumbList","@id":"https:\/\/www.hotel-aletsch.ch\/fr\/prix\/#breadcrumb","itemListElement":[{"@type":"ListItem","position":1,"name":"Startseite","item":"https:\/\/www.hotel-aletsch.ch\/fr\/home\/"},{"@type":"ListItem","position":2,"name":"Prix"}]},{"@type":"WebSite","@id":"https:\/\/www.hotel-aletsch.ch\/#website","url":"https:\/\/www.hotel-aletsch.ch\/","name":"Hotel Aletsch Bettmeralp","description":"","publisher":{"@id":"https:\/\/www.hotel-aletsch.ch\/#organization"},"potentialAction":[{"@type":"SearchAction","target":{"@type":"EntryPoint","urlTemplate":"https:\/\/www.hotel-aletsch.ch\/?s={search_term_string}"},"query-input":{"@type":"PropertyValueSpecification","valueRequired":true,"valueName":"search_term_string"}}],"inLanguage":"fr-FR"},{"@type":"Organization","@id":"https:\/\/www.hotel-aletsch.ch\/#organization","name":"Hotel Aletsch Bettmeralp","url":"https:\/\/www.hotel-aletsch.ch\/","logo":{"@type":"ImageObject","inLanguage":"fr-FR","@id":"https:\/\/www.hotel-aletsch.ch\/#\/schema\/logo\/image\/","url":"https:\/\/www.hotel-aletsch.ch\/wp-content\/uploads\/2024\/06\/Logo-Hotel-Restaurant-Aletsch-negative.svg","contentUrl":"https:\/\/www.hotel-aletsch.ch\/wp-content\/uploads\/2024\/06\/Logo-Hotel-Restaurant-Aletsch-negative.svg","width":1701,"height":631,"caption":"Hotel Aletsch Bettmeralp"},"image":{"@id":"https:\/\/www.hotel-aletsch.ch\/#\/schema\/logo\/image\/"}}]}},"_links":{"self":[{"href":"https:\/\/www.hotel-aletsch.ch\/fr\/wp-json\/wp\/v2\/pages\/2695","targetHints":{"allow":["GET"]}}],"collection":[{"href":"https:\/\/www.hotel-aletsch.ch\/fr\/wp-json\/wp\/v2\/pages"}],"about":[{"href":"https:\/\/www.hotel-aletsch.ch\/fr\/wp-json\/wp\/v2\/types\/page"}],"author":[{"embeddable":true,"href":"https:\/\/www.hotel-aletsch.ch\/fr\/wp-json\/wp\/v2\/users\/1"}],"replies":[{"embeddable":true,"href":"https:\/\/www.hotel-aletsch.ch\/fr\/wp-json\/wp\/v2\/comments?post=2695"}],"version-history":[{"count":4,"href":"https:\/\/www.hotel-aletsch.ch\/fr\/wp-json\/wp\/v2\/pages\/2695\/revisions"}],"predecessor-version":[{"id":2795,"href":"https:\/\/www.hotel-aletsch.ch\/fr\/wp-json\/wp\/v2\/pages\/2695\/revisions\/2795"}],"wp:attachment":[{"href":"https:\/\/www.hotel-aletsch.ch\/fr\/wp-json\/wp\/v2\/media?parent=2695"}],"curies":[{"name":"wp","href":"https:\/\/api.w.org\/{rel}","templated":true}]}}